{"id":2243,"date":"2024-01-18T13:06:58","date_gmt":"2024-01-18T12:06:58","guid":{"rendered":"https:\/\/wisap.de\/appointments\/"},"modified":"2024-01-18T13:07:26","modified_gmt":"2024-01-18T12:07:26","slug":"appointments","status":"publish","type":"page","link":"https:\/\/wisap.de\/en\/appointments\/","title":{"rendered":"Appointments"},"content":{"rendered":"<div class=\"wpb-content-wrapper\"><p>[vc_row][vc_column width=&#8221;1\/2&#8243;][vc_column_text]<\/p>\n<h1>Request for appointments<\/h1>\n<p>[\/vc_column_text][\/vc_column][vc_column width=&#8221;1\/2&#8243;][\/vc_column][\/vc_row][vc_row][vc_column][vc_column_text css=&#8221;.vc_custom_1630413752932{margin-right: 20px !important;}&#8221;]<\/p>\n<p style=\"text-align: justify;\">Here you can send us your desired date for trade fairs.<\/p>\n<p>[\/vc_column_text][\/vc_column][\/vc_row][vc_row][vc_column]\n<div class=\"wpcf7 no-js\" id=\"wpcf7-f1857-o1\" lang=\"en-US\" dir=\"ltr\" data-wpcf7-id=\"1857\">\n<div class=\"screen-reader-response\"><p role=\"status\" aria-live=\"polite\" aria-atomic=\"true\"><\/p> <ul><\/ul><\/div>\n<form action=\"\/en\/wp-json\/wp\/v2\/pages\/2243#wpcf7-f1857-o1\" method=\"post\" class=\"wpcf7-form init\" aria-label=\"Contact form\" novalidate=\"novalidate\" data-status=\"init\">\n<fieldset class=\"hidden-fields-container\"><input type=\"hidden\" name=\"_wpcf7\" value=\"1857\" \/><input type=\"hidden\" name=\"_wpcf7_version\" value=\"6.1.5\" \/><input type=\"hidden\" name=\"_wpcf7_locale\" value=\"en_US\" \/><input type=\"hidden\" name=\"_wpcf7_unit_tag\" value=\"wpcf7-f1857-o1\" \/><input type=\"hidden\" name=\"_wpcf7_container_post\" value=\"0\" \/><input type=\"hidden\" name=\"_wpcf7_posted_data_hash\" value=\"\" \/><input type=\"hidden\" name=\"_wpcf7_recaptcha_response\" value=\"\" \/>\n<\/fieldset>\n<p><label> salutation <\/label><br \/>\n<span class=\"wpcf7-form-control-wrap\" data-name=\"anrede\"><span class=\"wpcf7-form-control wpcf7-checkbox\" id=\"checkbox\"><span class=\"wpcf7-list-item first\"><label><input type=\"checkbox\" name=\"anrede[]\" value=\"Ms\" \/><span class=\"wpcf7-list-item-label\">Ms<\/span><\/label><\/span><span class=\"wpcf7-list-item\"><label><input type=\"checkbox\" name=\"anrede[]\" value=\"Mr\" \/><span class=\"wpcf7-list-item-label\">Mr<\/span><\/label><\/span><span class=\"wpcf7-list-item last\"><label><input type=\"checkbox\" name=\"anrede[]\" value=\"No specification\" \/><span class=\"wpcf7-list-item-label\">No specification<\/span><\/label><\/span><\/span><\/span>\n<\/p>\n<p><label> first name ( required field )<br \/>\n<span class=\"wpcf7-form-control-wrap\" data-name=\"sure-name\"><input size=\"40\" maxlength=\"400\" class=\"wpcf7-form-control wpcf7-text wpcf7-validates-as-required\" id=\"feld\" aria-required=\"true\" aria-invalid=\"false\" value=\"\" type=\"text\" name=\"sure-name\" \/><\/span> <\/label>\n<\/p>\n<p><label> last name ( required field )<br \/>\n<span class=\"wpcf7-form-control-wrap\" data-name=\"nachname\"><input size=\"40\" maxlength=\"400\" class=\"wpcf7-form-control wpcf7-text wpcf7-validates-as-required\" aria-required=\"true\" aria-invalid=\"false\" value=\"\" type=\"text\" name=\"nachname\" \/><\/span> <\/label>\n<\/p>\n<p><label> company\/clinic name ( required field )<br \/>\n<span class=\"wpcf7-form-control-wrap\" data-name=\"firmenname\"><input size=\"40\" maxlength=\"400\" class=\"wpcf7-form-control wpcf7-text wpcf7-validates-as-required\" aria-required=\"true\" aria-invalid=\"false\" value=\"\" type=\"text\" name=\"firmenname\" \/><\/span> <\/label>\n<\/p>\n<p><label> country ( required field )<br \/>\n<span class=\"wpcf7-form-control-wrap\" data-name=\"land\"><input size=\"40\" maxlength=\"400\" class=\"wpcf7-form-control wpcf7-text wpcf7-validates-as-required\" aria-required=\"true\" aria-invalid=\"false\" value=\"\" type=\"text\" name=\"land\" \/><\/span> <\/label>\n<\/p>\n<p><label> email address ( required field )<br \/>\n<span class=\"wpcf7-form-control-wrap\" data-name=\"your-email\"><input size=\"40\" maxlength=\"400\" class=\"wpcf7-form-control wpcf7-email wpcf7-validates-as-required wpcf7-text wpcf7-validates-as-email\" id=\"field\" aria-required=\"true\" aria-invalid=\"false\" value=\"\" type=\"email\" name=\"your-email\" \/><\/span> <\/label>\n<\/p>\n<p><label> trade show name ( required field )<br \/>\n<span class=\"wpcf7-form-control-wrap\" data-name=\"messe\"><input size=\"40\" maxlength=\"400\" class=\"wpcf7-form-control wpcf7-text wpcf7-validates-as-required\" aria-required=\"true\" aria-invalid=\"false\" value=\"\" type=\"text\" name=\"messe\" \/><\/span> <\/label>\n<\/p>\n<p><label> your desired date:<\/label><br \/>\n<span class=\"wpcf7-form-control-wrap\" data-name=\"date-606\"><input class=\"wpcf7-form-control wpcf7-date wpcf7-validates-as-date\" aria-invalid=\"false\" value=\"\" type=\"date\" name=\"date-606\" \/><\/span>\n<\/p>\n<p><label> Your message to us.<br \/>\n<span class=\"wpcf7-form-control-wrap\" data-name=\"your-message\"><textarea cols=\"40\" rows=\"2\" maxlength=\"2000\" class=\"wpcf7-form-control wpcf7-textarea\" id=\"message\" aria-invalid=\"false\" name=\"your-message\"><\/textarea><\/span> <\/label>\n<\/p>\n<p><input class=\"wpcf7-form-control wpcf7-submit has-spinner\" type=\"submit\" value=\"send message\" \/>\n<\/p><div class=\"wpcf7-response-output\" aria-hidden=\"true\"><\/div>\n<\/form>\n<\/div>\n[vc_empty_space height=&#8221;80px&#8221;][\/vc_column][\/vc_row]<\/p>\n<\/div>","protected":false},"excerpt":{"rendered":"<p>[vc_row][vc_column width=&#8221;1\/2&#8243;][vc_column_text] Request for appointments [\/vc_column_text][\/vc_column][vc_column width=&#8221;1\/2&#8243;][\/vc_column][\/vc_row][vc_row][vc_column][vc_column_text css=&#8221;.vc_custom_1630413752932{margin-right: 20px !important;}&#8221;] Here you can send us your desired date for trade fairs. [\/vc_column_text][\/vc_column][\/vc_row][vc_row][vc_column][vc_empty_space height=&#8221;80px&#8221;][\/vc_column][\/vc_row]<\/p>\n","protected":false},"author":1,"featured_media":0,"parent":0,"menu_order":0,"comment_status":"closed","ping_status":"closed","template":"","meta":{"footnotes":""},"class_list":["post-2243","page","type-page","status-publish","hentry","description-off"],"yoast_head":"<!-- This site is optimized with the Yoast SEO plugin v27.4 - https:\/\/yoast.com\/product\/yoast-seo-wordpress\/ -->\n<title>Appointments - Wisap Medical Technology GmbH<\/title>\n<meta name=\"robots\" content=\"index, follow, max-snippet:-1, max-image-preview:large, max-video-preview:-1\" \/>\n<link rel=\"canonical\" href=\"https:\/\/wisap.de\/en\/appointments\/\" \/>\n<meta property=\"og:locale\" content=\"en_US\" \/>\n<meta property=\"og:type\" content=\"article\" \/>\n<meta property=\"og:title\" content=\"Appointments - Wisap Medical Technology GmbH\" \/>\n<meta property=\"og:description\" content=\"[vc_row][vc_column width=&#8221;1\/2&#8243;][vc_column_text] Request for appointments [\/vc_column_text][\/vc_column][vc_column width=&#8221;1\/2&#8243;][\/vc_column][\/vc_row][vc_row][vc_column][vc_column_text css=&#8221;.vc_custom_1630413752932{margin-right: 20px !important;}&#8221;] Here you can send us your desired date for trade fairs. [\/vc_column_text][\/vc_column][\/vc_row][vc_row][vc_column][vc_empty_space height=&#8221;80px&#8221;][\/vc_column][\/vc_row]\" \/>\n<meta property=\"og:url\" content=\"https:\/\/wisap.de\/en\/appointments\/\" \/>\n<meta property=\"og:site_name\" content=\"Wisap Medical Technology GmbH\" \/>\n<meta property=\"article:publisher\" content=\"https:\/\/www.facebook.com\/people\/WISAP-Medical-Technology\/100066974771222\/#\" \/>\n<meta property=\"article:modified_time\" content=\"2024-01-18T12:07:26+00:00\" \/>\n<meta name=\"twitter:card\" content=\"summary_large_image\" \/>\n<script type=\"application\/ld+json\" class=\"yoast-schema-graph\">{\"@context\":\"https:\\\/\\\/schema.org\",\"@graph\":[{\"@type\":\"WebPage\",\"@id\":\"https:\\\/\\\/wisap.de\\\/en\\\/appointments\\\/\",\"url\":\"https:\\\/\\\/wisap.de\\\/en\\\/appointments\\\/\",\"name\":\"Appointments - Wisap Medical Technology GmbH\",\"isPartOf\":{\"@id\":\"https:\\\/\\\/wisap.de\\\/#website\"},\"datePublished\":\"2024-01-18T12:06:58+00:00\",\"dateModified\":\"2024-01-18T12:07:26+00:00\",\"breadcrumb\":{\"@id\":\"https:\\\/\\\/wisap.de\\\/en\\\/appointments\\\/#breadcrumb\"},\"inLanguage\":\"en-US\",\"potentialAction\":[{\"@type\":\"ReadAction\",\"target\":[\"https:\\\/\\\/wisap.de\\\/en\\\/appointments\\\/\"]}]},{\"@type\":\"BreadcrumbList\",\"@id\":\"https:\\\/\\\/wisap.de\\\/en\\\/appointments\\\/#breadcrumb\",\"itemListElement\":[{\"@type\":\"ListItem\",\"position\":1,\"name\":\"Startseite\",\"item\":\"https:\\\/\\\/wisap.de\\\/en\\\/\"},{\"@type\":\"ListItem\",\"position\":2,\"name\":\"Appointments\"}]},{\"@type\":\"WebSite\",\"@id\":\"https:\\\/\\\/wisap.de\\\/#website\",\"url\":\"https:\\\/\\\/wisap.de\\\/\",\"name\":\"Wisap Medical Technology GmbH\",\"description\":\"Instrumente und L\u00f6sungen f\u00fcr die Gyn\u00e4kologie\",\"publisher\":{\"@id\":\"https:\\\/\\\/wisap.de\\\/#organization\"},\"potentialAction\":[{\"@type\":\"SearchAction\",\"target\":{\"@type\":\"EntryPoint\",\"urlTemplate\":\"https:\\\/\\\/wisap.de\\\/?s={search_term_string}\"},\"query-input\":{\"@type\":\"PropertyValueSpecification\",\"valueRequired\":true,\"valueName\":\"search_term_string\"}}],\"inLanguage\":\"en-US\"},{\"@type\":\"Organization\",\"@id\":\"https:\\\/\\\/wisap.de\\\/#organization\",\"name\":\"Wisap Medical Technology GmbH\",\"url\":\"https:\\\/\\\/wisap.de\\\/\",\"logo\":{\"@type\":\"ImageObject\",\"inLanguage\":\"en-US\",\"@id\":\"https:\\\/\\\/wisap.de\\\/#\\\/schema\\\/logo\\\/image\\\/\",\"url\":\"https:\\\/\\\/wisap.de\\\/wp-content\\\/uploads\\\/2021\\\/06\\\/WISAP-Logo.png\",\"contentUrl\":\"https:\\\/\\\/wisap.de\\\/wp-content\\\/uploads\\\/2021\\\/06\\\/WISAP-Logo.png\",\"width\":286,\"height\":66,\"caption\":\"Wisap Medical Technology GmbH\"},\"image\":{\"@id\":\"https:\\\/\\\/wisap.de\\\/#\\\/schema\\\/logo\\\/image\\\/\"},\"sameAs\":[\"https:\\\/\\\/www.facebook.com\\\/people\\\/WISAP-Medical-Technology\\\/100066974771222\\\/#\",\"https:\\\/\\\/www.linkedin.com\\\/company\\\/wisap\\\/\",\"https:\\\/\\\/www.youtube.com\\\/channel\\\/UCfDE1xfAFGox3OnTbnMa0yg\"]}]}<\/script>\n<!-- \/ Yoast SEO plugin. -->","yoast_head_json":{"title":"Appointments - Wisap Medical Technology GmbH","robots":{"index":"index","follow":"follow","max-snippet":"max-snippet:-1","max-image-preview":"max-image-preview:large","max-video-preview":"max-video-preview:-1"},"canonical":"https:\/\/wisap.de\/en\/appointments\/","og_locale":"en_US","og_type":"article","og_title":"Appointments - Wisap Medical Technology GmbH","og_description":"[vc_row][vc_column width=&#8221;1\/2&#8243;][vc_column_text] Request for appointments [\/vc_column_text][\/vc_column][vc_column width=&#8221;1\/2&#8243;][\/vc_column][\/vc_row][vc_row][vc_column][vc_column_text css=&#8221;.vc_custom_1630413752932{margin-right: 20px !important;}&#8221;] Here you can send us your desired date for trade fairs. [\/vc_column_text][\/vc_column][\/vc_row][vc_row][vc_column][vc_empty_space height=&#8221;80px&#8221;][\/vc_column][\/vc_row]","og_url":"https:\/\/wisap.de\/en\/appointments\/","og_site_name":"Wisap Medical Technology GmbH","article_publisher":"https:\/\/www.facebook.com\/people\/WISAP-Medical-Technology\/100066974771222\/#","article_modified_time":"2024-01-18T12:07:26+00:00","twitter_card":"summary_large_image","schema":{"@context":"https:\/\/schema.org","@graph":[{"@type":"WebPage","@id":"https:\/\/wisap.de\/en\/appointments\/","url":"https:\/\/wisap.de\/en\/appointments\/","name":"Appointments - Wisap Medical Technology GmbH","isPartOf":{"@id":"https:\/\/wisap.de\/#website"},"datePublished":"2024-01-18T12:06:58+00:00","dateModified":"2024-01-18T12:07:26+00:00","breadcrumb":{"@id":"https:\/\/wisap.de\/en\/appointments\/#breadcrumb"},"inLanguage":"en-US","potentialAction":[{"@type":"ReadAction","target":["https:\/\/wisap.de\/en\/appointments\/"]}]},{"@type":"BreadcrumbList","@id":"https:\/\/wisap.de\/en\/appointments\/#breadcrumb","itemListElement":[{"@type":"ListItem","position":1,"name":"Startseite","item":"https:\/\/wisap.de\/en\/"},{"@type":"ListItem","position":2,"name":"Appointments"}]},{"@type":"WebSite","@id":"https:\/\/wisap.de\/#website","url":"https:\/\/wisap.de\/","name":"Wisap Medical Technology GmbH","description":"Instrumente und L\u00f6sungen f\u00fcr die Gyn\u00e4kologie","publisher":{"@id":"https:\/\/wisap.de\/#organization"},"potentialAction":[{"@type":"SearchAction","target":{"@type":"EntryPoint","urlTemplate":"https:\/\/wisap.de\/?s={search_term_string}"},"query-input":{"@type":"PropertyValueSpecification","valueRequired":true,"valueName":"search_term_string"}}],"inLanguage":"en-US"},{"@type":"Organization","@id":"https:\/\/wisap.de\/#organization","name":"Wisap Medical Technology GmbH","url":"https:\/\/wisap.de\/","logo":{"@type":"ImageObject","inLanguage":"en-US","@id":"https:\/\/wisap.de\/#\/schema\/logo\/image\/","url":"https:\/\/wisap.de\/wp-content\/uploads\/2021\/06\/WISAP-Logo.png","contentUrl":"https:\/\/wisap.de\/wp-content\/uploads\/2021\/06\/WISAP-Logo.png","width":286,"height":66,"caption":"Wisap Medical Technology GmbH"},"image":{"@id":"https:\/\/wisap.de\/#\/schema\/logo\/image\/"},"sameAs":["https:\/\/www.facebook.com\/people\/WISAP-Medical-Technology\/100066974771222\/#","https:\/\/www.linkedin.com\/company\/wisap\/","https:\/\/www.youtube.com\/channel\/UCfDE1xfAFGox3OnTbnMa0yg"]}]}},"_links":{"self":[{"href":"https:\/\/wisap.de\/en\/wp-json\/wp\/v2\/pages\/2243","targetHints":{"allow":["GET"]}}],"collection":[{"href":"https:\/\/wisap.de\/en\/wp-json\/wp\/v2\/pages"}],"about":[{"href":"https:\/\/wisap.de\/en\/wp-json\/wp\/v2\/types\/page"}],"author":[{"embeddable":true,"href":"https:\/\/wisap.de\/en\/wp-json\/wp\/v2\/users\/1"}],"replies":[{"embeddable":true,"href":"https:\/\/wisap.de\/en\/wp-json\/wp\/v2\/comments?post=2243"}],"version-history":[{"count":4,"href":"https:\/\/wisap.de\/en\/wp-json\/wp\/v2\/pages\/2243\/revisions"}],"predecessor-version":[{"id":2247,"href":"https:\/\/wisap.de\/en\/wp-json\/wp\/v2\/pages\/2243\/revisions\/2247"}],"wp:attachment":[{"href":"https:\/\/wisap.de\/en\/wp-json\/wp\/v2\/media?parent=2243"}],"curies":[{"name":"wp","href":"https:\/\/api.w.org\/{rel}","templated":true}]}}