{"id":1092,"date":"2021-06-17T13:10:44","date_gmt":"2021-06-17T11:10:44","guid":{"rendered":"http:\/\/wisap.innnet.de\/company\/career\/"},"modified":"2026-04-20T15:08:12","modified_gmt":"2026-04-20T13:08:12","slug":"karriere","status":"publish","type":"page","link":"https:\/\/wisap.de\/en\/company\/karriere\/","title":{"rendered":"Career"},"content":{"rendered":"<div class=\"wpb-content-wrapper\"><p>[vc_row full_width=&#8221;stretch_row&#8221; gap=&#8221;30&#8243; css=&#8221;.vc_custom_1776690434733{background-color: #EDEDED !important;}&#8221;][vc_column width=&#8221;1\/2&#8243;][vc_empty_space height=&#8221;40px&#8221;][vc_column_text css=&#8221;&#8221;]We offer a dynamic working environment, development opportunities and a team that will support you at every stage.<\/p>\n<p>Join us, learn, grow and make a difference every day![\/vc_column_text][vc_column_text]<\/p>\n<h3>Current job advertisements<\/h3>\n<h5 style=\"text-align: left;\"><span style=\"color: #808080;\">Updated on 08.11.2021<\/span><\/h5>\n<p>[\/vc_column_text][vc_empty_space height=&#8221;40px&#8221;][vc_row_inner disable_element=&#8221;yes&#8221; css=&#8221;.vc_custom_1655201173997{background-color: #e9e4da !important;}&#8221;][vc_column_inner width=&#8221;1\/2&#8243;][vc_column_text]<\/p>\n<h3>Purchasing Manager (m,f,d)<\/h3>\n<p>[\/vc_column_text][\/vc_column_inner][vc_column_inner width=&#8221;1\/2&#8243;][vc_btn title=&#8221;Download job advertisement (PDF)&#8221; style=&#8221;gradient-custom&#8221; gradient_custom_color_1=&#8221;#4ea42f&#8221; gradient_custom_color_2=&#8221;#78c050&#8243; size=&#8221;lg&#8221; align=&#8221;left&#8221; i_icon_fontawesome=&#8221;far fa-file-pdf&#8221; css_animation=&#8221;none&#8221; button_block=&#8221;true&#8221; add_icon=&#8221;true&#8221; link=&#8221;url:https%3A%2F%2Fwisap.de%2Fwp-content%2Fuploads%2FEinkaufsleiter_W.pdf|title:Download%20%28PDF%29|target:_blank|&#8221;][\/vc_column_inner][\/vc_row_inner][vc_empty_space height=&#8221;80px&#8221;][\/vc_column][vc_column width=&#8221;1\/2&#8243;][vc_empty_space height=&#8221;40px&#8221;][vc_row_inner][vc_column_inner][vc_column_text]<\/p>\n<h3>Your unsolicited application<\/h3>\n<p>[\/vc_column_text]\n<div class=\"wpcf7 no-js\" id=\"wpcf7-f2002-o1\" lang=\"de-DE\" dir=\"ltr\" data-wpcf7-id=\"2002\">\n<div class=\"screen-reader-response\"><p role=\"status\" aria-live=\"polite\" aria-atomic=\"true\"><\/p> <ul><\/ul><\/div>\n<form action=\"\/en\/wp-json\/wp\/v2\/pages\/1092#wpcf7-f2002-o1\" method=\"post\" class=\"wpcf7-form init\" aria-label=\"Kontaktformular\" enctype=\"multipart\/form-data\" novalidate=\"novalidate\" data-status=\"init\">\n<fieldset class=\"hidden-fields-container\"><input type=\"hidden\" name=\"_wpcf7\" value=\"2002\" \/><input type=\"hidden\" name=\"_wpcf7_version\" value=\"6.1.5\" \/><input type=\"hidden\" name=\"_wpcf7_locale\" value=\"de_DE\" \/><input type=\"hidden\" name=\"_wpcf7_unit_tag\" value=\"wpcf7-f2002-o1\" \/><input type=\"hidden\" name=\"_wpcf7_container_post\" value=\"0\" \/><input type=\"hidden\" name=\"_wpcf7_posted_data_hash\" value=\"\" \/><input type=\"hidden\" name=\"_wpcf7_recaptcha_response\" value=\"\" \/>\n<\/fieldset>\n<p><label> Anrede <\/label><br \/>\n<span class=\"wpcf7-form-control-wrap\" data-name=\"anrede\"><span class=\"wpcf7-form-control wpcf7-checkbox\" id=\"checkbox\"><span class=\"wpcf7-list-item first\"><label><input type=\"checkbox\" name=\"anrede[]\" value=\"Frau\" \/><span class=\"wpcf7-list-item-label\">Frau<\/span><\/label><\/span><span class=\"wpcf7-list-item\"><label><input type=\"checkbox\" name=\"anrede[]\" value=\"Herr\" \/><span class=\"wpcf7-list-item-label\">Herr<\/span><\/label><\/span><span class=\"wpcf7-list-item last\"><label><input type=\"checkbox\" name=\"anrede[]\" value=\"Keine Angabe\" \/><span class=\"wpcf7-list-item-label\">Keine Angabe<\/span><\/label><\/span><\/span><\/span>\n<\/p>\n<p><label> Vorname ( Pflichtfeld )<br \/>\n<span class=\"wpcf7-form-control-wrap\" data-name=\"sure-name\"><input size=\"40\" maxlength=\"400\" class=\"wpcf7-form-control wpcf7-text wpcf7-validates-as-required\" id=\"feld\" aria-required=\"true\" aria-invalid=\"false\" value=\"\" type=\"text\" name=\"sure-name\" \/><\/span> <\/label>\n<\/p>\n<p><label> Nachname ( Pflichtfeld )<br \/>\n<span class=\"wpcf7-form-control-wrap\" data-name=\"nachname\"><input size=\"40\" maxlength=\"400\" class=\"wpcf7-form-control wpcf7-text wpcf7-validates-as-required\" aria-required=\"true\" aria-invalid=\"false\" value=\"\" type=\"text\" name=\"nachname\" \/><\/span> <\/label>\n<\/p>\n<p><label> E-Mailadresse ( Pflichtfeld )<br \/>\n<span class=\"wpcf7-form-control-wrap\" data-name=\"your-email\"><input size=\"40\" maxlength=\"400\" class=\"wpcf7-form-control wpcf7-email wpcf7-validates-as-required wpcf7-text wpcf7-validates-as-email\" aria-required=\"true\" aria-invalid=\"false\" value=\"\" type=\"email\" name=\"your-email\" \/><\/span> <\/label>\n<\/p>\n<p><label> Ihre Bewerbungsschreiben<br \/>\n<span class=\"wpcf7-form-control-wrap\" data-name=\"your-message\"><textarea cols=\"40\" rows=\"5\" maxlength=\"2000\" class=\"wpcf7-form-control wpcf7-textarea\" id=\"message\" aria-invalid=\"false\" name=\"your-message\"><\/textarea><\/span> <\/label>\n<\/p>\n<p><label> Bewerbungsunterlagen No.1 (PDF, JPG, DOC Datei)<br \/>\n<span class=\"wpcf7-form-control-wrap\" data-name=\"file-256\"><input size=\"40\" class=\"wpcf7-form-control wpcf7-file\" accept=\"audio\/*,video\/*,image\/*\" aria-invalid=\"false\" type=\"file\" name=\"file-256\" \/><\/span> <\/label><br \/>\n<label> Bewerbungsunterlagen No.2 (PDF, JPG, DOC Datei)<br \/>\n<span class=\"wpcf7-form-control-wrap\" data-name=\"file-257\"><input size=\"40\" class=\"wpcf7-form-control wpcf7-file\" accept=\"audio\/*,video\/*,image\/*\" aria-invalid=\"false\" type=\"file\" name=\"file-257\" \/><\/span> <\/label><br \/>\n<label> Bewerbungsunterlagen No.3 (PDF, JPG, DOC Datei)<br \/>\n<span class=\"wpcf7-form-control-wrap\" data-name=\"file-258\"><input size=\"40\" class=\"wpcf7-form-control wpcf7-file\" accept=\"audio\/*,video\/*,image\/*\" aria-invalid=\"false\" type=\"file\" name=\"file-258\" \/><\/span> <\/label>\n<\/p>\n<p><input class=\"wpcf7-form-control wpcf7-submit has-spinner\" type=\"submit\" value=\"Nachricht abschicken\" \/>\n<\/p><div class=\"wpcf7-response-output\" aria-hidden=\"true\"><\/div>\n<\/form>\n<\/div>\n[\/vc_column_inner][\/vc_row_inner][\/vc_column][\/vc_row]<\/p>\n<\/div>","protected":false},"excerpt":{"rendered":"<p>[vc_row full_width=&#8221;stretch_row&#8221; gap=&#8221;30&#8243; css=&#8221;.vc_custom_1776690434733{background-color: #EDEDED !important;}&#8221;][vc_column width=&#8221;1\/2&#8243;][vc_empty_space height=&#8221;40px&#8221;][vc_column_text css=&#8221;&#8221;]We offer a dynamic working environment, development opportunities and a team that will support you at every stage. Join us, learn, grow and make a difference every day![\/vc_column_text][vc_column_text] Current job advertisements Updated on 08.11.2021 [\/vc_column_text][vc_empty_space height=&#8221;40px&#8221;][vc_row_inner disable_element=&#8221;yes&#8221; css=&#8221;.vc_custom_1655201173997{background-color: #e9e4da !important;}&#8221;][vc_column_inner width=&#8221;1\/2&#8243;][vc_column_text] Purchasing Manager (m,f,d) [\/vc_column_text][\/vc_column_inner][vc_column_inner width=&#8221;1\/2&#8243;][vc_btn title=&#8221;Download&hellip;<\/p>\n","protected":false},"author":1,"featured_media":0,"parent":1086,"menu_order":0,"comment_status":"closed","ping_status":"closed","template":"","meta":{"footnotes":""},"class_list":["post-1092","page","type-page","status-publish","hentry","description-off"],"yoast_head":"<!-- This site is optimized with the Yoast SEO plugin v27.4 - https:\/\/yoast.com\/product\/yoast-seo-wordpress\/ -->\n<title>Career - Wisap Medical Technology GmbH<\/title>\n<meta name=\"robots\" content=\"index, follow, max-snippet:-1, max-image-preview:large, max-video-preview:-1\" \/>\n<link rel=\"canonical\" href=\"https:\/\/wisap.de\/en\/company\/career\/\" \/>\n<meta property=\"og:locale\" content=\"en_US\" \/>\n<meta property=\"og:type\" content=\"article\" \/>\n<meta property=\"og:title\" content=\"Career - Wisap Medical Technology GmbH\" \/>\n<meta property=\"og:description\" content=\"[vc_row full_width=&#8221;stretch_row&#8221; gap=&#8221;30&#8243; css=&#8221;.vc_custom_1776690434733{background-color: #EDEDED !important;}&#8221;][vc_column width=&#8221;1\/2&#8243;][vc_empty_space height=&#8221;40px&#8221;][vc_column_text css=&#8221;&#8221;]We offer a dynamic working environment, development opportunities and a team that will support you at every stage. Join us, learn, grow and make a difference every day![\/vc_column_text][vc_column_text] Current job advertisements Updated on 08.11.2021 [\/vc_column_text][vc_empty_space height=&#8221;40px&#8221;][vc_row_inner disable_element=&#8221;yes&#8221; css=&#8221;.vc_custom_1655201173997{background-color: #e9e4da !important;}&#8221;][vc_column_inner width=&#8221;1\/2&#8243;][vc_column_text] Purchasing Manager (m,f,d) [\/vc_column_text][\/vc_column_inner][vc_column_inner width=&#8221;1\/2&#8243;][vc_btn title=&#8221;Download&hellip;\" \/>\n<meta property=\"og:url\" content=\"https:\/\/wisap.de\/en\/company\/career\/\" \/>\n<meta property=\"og:site_name\" content=\"Wisap Medical Technology GmbH\" \/>\n<meta property=\"article:publisher\" content=\"https:\/\/www.facebook.com\/people\/WISAP-Medical-Technology\/100066974771222\/#\" \/>\n<meta property=\"article:modified_time\" content=\"2026-04-20T13:08:12+00:00\" \/>\n<meta name=\"twitter:card\" content=\"summary_large_image\" \/>\n<meta name=\"twitter:label1\" content=\"Est. reading time\" \/>\n\t<meta name=\"twitter:data1\" content=\"1 minute\" \/>\n<script type=\"application\/ld+json\" class=\"yoast-schema-graph\">{\"@context\":\"https:\\\/\\\/schema.org\",\"@graph\":[{\"@type\":\"WebPage\",\"@id\":\"https:\\\/\\\/wisap.de\\\/en\\\/company\\\/career\\\/\",\"url\":\"https:\\\/\\\/wisap.de\\\/en\\\/company\\\/career\\\/\",\"name\":\"Career - Wisap Medical Technology GmbH\",\"isPartOf\":{\"@id\":\"https:\\\/\\\/wisap.de\\\/#website\"},\"datePublished\":\"2021-06-17T11:10:44+00:00\",\"dateModified\":\"2026-04-20T13:08:12+00:00\",\"breadcrumb\":{\"@id\":\"https:\\\/\\\/wisap.de\\\/en\\\/company\\\/career\\\/#breadcrumb\"},\"inLanguage\":\"en-US\",\"potentialAction\":[{\"@type\":\"ReadAction\",\"target\":[\"https:\\\/\\\/wisap.de\\\/en\\\/company\\\/career\\\/\"]}]},{\"@type\":\"BreadcrumbList\",\"@id\":\"https:\\\/\\\/wisap.de\\\/en\\\/company\\\/career\\\/#breadcrumb\",\"itemListElement\":[{\"@type\":\"ListItem\",\"position\":1,\"name\":\"Startseite\",\"item\":\"https:\\\/\\\/wisap.de\\\/en\\\/\"},{\"@type\":\"ListItem\",\"position\":2,\"name\":\"Company\",\"item\":\"https:\\\/\\\/wisap.de\\\/en\\\/company\\\/\"},{\"@type\":\"ListItem\",\"position\":3,\"name\":\"Career\"}]},{\"@type\":\"WebSite\",\"@id\":\"https:\\\/\\\/wisap.de\\\/#website\",\"url\":\"https:\\\/\\\/wisap.de\\\/\",\"name\":\"Wisap Medical Technology GmbH\",\"description\":\"Instrumente und L\u00f6sungen f\u00fcr die Gyn\u00e4kologie\",\"publisher\":{\"@id\":\"https:\\\/\\\/wisap.de\\\/#organization\"},\"potentialAction\":[{\"@type\":\"SearchAction\",\"target\":{\"@type\":\"EntryPoint\",\"urlTemplate\":\"https:\\\/\\\/wisap.de\\\/?s={search_term_string}\"},\"query-input\":{\"@type\":\"PropertyValueSpecification\",\"valueRequired\":true,\"valueName\":\"search_term_string\"}}],\"inLanguage\":\"en-US\"},{\"@type\":\"Organization\",\"@id\":\"https:\\\/\\\/wisap.de\\\/#organization\",\"name\":\"Wisap Medical Technology GmbH\",\"url\":\"https:\\\/\\\/wisap.de\\\/\",\"logo\":{\"@type\":\"ImageObject\",\"inLanguage\":\"en-US\",\"@id\":\"https:\\\/\\\/wisap.de\\\/#\\\/schema\\\/logo\\\/image\\\/\",\"url\":\"https:\\\/\\\/wisap.de\\\/wp-content\\\/uploads\\\/2021\\\/06\\\/WISAP-Logo.png\",\"contentUrl\":\"https:\\\/\\\/wisap.de\\\/wp-content\\\/uploads\\\/2021\\\/06\\\/WISAP-Logo.png\",\"width\":286,\"height\":66,\"caption\":\"Wisap Medical Technology GmbH\"},\"image\":{\"@id\":\"https:\\\/\\\/wisap.de\\\/#\\\/schema\\\/logo\\\/image\\\/\"},\"sameAs\":[\"https:\\\/\\\/www.facebook.com\\\/people\\\/WISAP-Medical-Technology\\\/100066974771222\\\/#\",\"https:\\\/\\\/www.linkedin.com\\\/company\\\/wisap\\\/\",\"https:\\\/\\\/www.youtube.com\\\/channel\\\/UCfDE1xfAFGox3OnTbnMa0yg\"]}]}<\/script>\n<!-- \/ Yoast SEO plugin. -->","yoast_head_json":{"title":"Career - Wisap Medical Technology GmbH","robots":{"index":"index","follow":"follow","max-snippet":"max-snippet:-1","max-image-preview":"max-image-preview:large","max-video-preview":"max-video-preview:-1"},"canonical":"https:\/\/wisap.de\/en\/company\/career\/","og_locale":"en_US","og_type":"article","og_title":"Career - Wisap Medical Technology GmbH","og_description":"[vc_row full_width=&#8221;stretch_row&#8221; gap=&#8221;30&#8243; css=&#8221;.vc_custom_1776690434733{background-color: #EDEDED !important;}&#8221;][vc_column width=&#8221;1\/2&#8243;][vc_empty_space height=&#8221;40px&#8221;][vc_column_text css=&#8221;&#8221;]We offer a dynamic working environment, development opportunities and a team that will support you at every stage. Join us, learn, grow and make a difference every day![\/vc_column_text][vc_column_text] Current job advertisements Updated on 08.11.2021 [\/vc_column_text][vc_empty_space height=&#8221;40px&#8221;][vc_row_inner disable_element=&#8221;yes&#8221; css=&#8221;.vc_custom_1655201173997{background-color: #e9e4da !important;}&#8221;][vc_column_inner width=&#8221;1\/2&#8243;][vc_column_text] Purchasing Manager (m,f,d) [\/vc_column_text][\/vc_column_inner][vc_column_inner width=&#8221;1\/2&#8243;][vc_btn title=&#8221;Download&hellip;","og_url":"https:\/\/wisap.de\/en\/company\/career\/","og_site_name":"Wisap Medical Technology GmbH","article_publisher":"https:\/\/www.facebook.com\/people\/WISAP-Medical-Technology\/100066974771222\/#","article_modified_time":"2026-04-20T13:08:12+00:00","twitter_card":"summary_large_image","twitter_misc":{"Est. reading time":"1 minute"},"schema":{"@context":"https:\/\/schema.org","@graph":[{"@type":"WebPage","@id":"https:\/\/wisap.de\/en\/company\/career\/","url":"https:\/\/wisap.de\/en\/company\/career\/","name":"Career - Wisap Medical Technology GmbH","isPartOf":{"@id":"https:\/\/wisap.de\/#website"},"datePublished":"2021-06-17T11:10:44+00:00","dateModified":"2026-04-20T13:08:12+00:00","breadcrumb":{"@id":"https:\/\/wisap.de\/en\/company\/career\/#breadcrumb"},"inLanguage":"en-US","potentialAction":[{"@type":"ReadAction","target":["https:\/\/wisap.de\/en\/company\/career\/"]}]},{"@type":"BreadcrumbList","@id":"https:\/\/wisap.de\/en\/company\/career\/#breadcrumb","itemListElement":[{"@type":"ListItem","position":1,"name":"Startseite","item":"https:\/\/wisap.de\/en\/"},{"@type":"ListItem","position":2,"name":"Company","item":"https:\/\/wisap.de\/en\/company\/"},{"@type":"ListItem","position":3,"name":"Career"}]},{"@type":"WebSite","@id":"https:\/\/wisap.de\/#website","url":"https:\/\/wisap.de\/","name":"Wisap Medical Technology GmbH","description":"Instrumente und L\u00f6sungen f\u00fcr die Gyn\u00e4kologie","publisher":{"@id":"https:\/\/wisap.de\/#organization"},"potentialAction":[{"@type":"SearchAction","target":{"@type":"EntryPoint","urlTemplate":"https:\/\/wisap.de\/?s={search_term_string}"},"query-input":{"@type":"PropertyValueSpecification","valueRequired":true,"valueName":"search_term_string"}}],"inLanguage":"en-US"},{"@type":"Organization","@id":"https:\/\/wisap.de\/#organization","name":"Wisap Medical Technology GmbH","url":"https:\/\/wisap.de\/","logo":{"@type":"ImageObject","inLanguage":"en-US","@id":"https:\/\/wisap.de\/#\/schema\/logo\/image\/","url":"https:\/\/wisap.de\/wp-content\/uploads\/2021\/06\/WISAP-Logo.png","contentUrl":"https:\/\/wisap.de\/wp-content\/uploads\/2021\/06\/WISAP-Logo.png","width":286,"height":66,"caption":"Wisap Medical Technology GmbH"},"image":{"@id":"https:\/\/wisap.de\/#\/schema\/logo\/image\/"},"sameAs":["https:\/\/www.facebook.com\/people\/WISAP-Medical-Technology\/100066974771222\/#","https:\/\/www.linkedin.com\/company\/wisap\/","https:\/\/www.youtube.com\/channel\/UCfDE1xfAFGox3OnTbnMa0yg"]}]}},"_links":{"self":[{"href":"https:\/\/wisap.de\/en\/wp-json\/wp\/v2\/pages\/1092","targetHints":{"allow":["GET"]}}],"collection":[{"href":"https:\/\/wisap.de\/en\/wp-json\/wp\/v2\/pages"}],"about":[{"href":"https:\/\/wisap.de\/en\/wp-json\/wp\/v2\/types\/page"}],"author":[{"embeddable":true,"href":"https:\/\/wisap.de\/en\/wp-json\/wp\/v2\/users\/1"}],"replies":[{"embeddable":true,"href":"https:\/\/wisap.de\/en\/wp-json\/wp\/v2\/comments?post=1092"}],"version-history":[{"count":21,"href":"https:\/\/wisap.de\/en\/wp-json\/wp\/v2\/pages\/1092\/revisions"}],"predecessor-version":[{"id":3289,"href":"https:\/\/wisap.de\/en\/wp-json\/wp\/v2\/pages\/1092\/revisions\/3289"}],"up":[{"embeddable":true,"href":"https:\/\/wisap.de\/en\/wp-json\/wp\/v2\/pages\/1086"}],"wp:attachment":[{"href":"https:\/\/wisap.de\/en\/wp-json\/wp\/v2\/media?parent=1092"}],"curies":[{"name":"wp","href":"https:\/\/api.w.org\/{rel}","templated":true}]}}