{"id":1090,"date":"2021-06-17T13:10:26","date_gmt":"2021-06-17T11:10:26","guid":{"rendered":"http:\/\/wisap.innnet.de\/company\/ansprechpartner\/"},"modified":"2026-04-20T08:40:46","modified_gmt":"2026-04-20T06:40:46","slug":"ansprechpartner","status":"publish","type":"page","link":"https:\/\/wisap.de\/en\/company\/ansprechpartner\/","title":{"rendered":"Contact us"},"content":{"rendered":"<div class=\"wpb-content-wrapper\"><p>[vc_row][vc_column][vc_column_text]<\/p>\n<h1>Your contact persons<\/h1>\n<p>We are here for you![\/vc_column_text][\/vc_column][\/vc_row][vc_row][vc_column width=&#8221;1\/3&#8243;][vc_column_text]<\/p>\n<h3>Address<\/h3>\n<p><strong><sup>WISAP\u00ae<\/sup> Medical Technology GmbH<\/strong><br \/>\nFichtenstrasse 27<br \/>\n85649 Brunnthal\/Hofolding<br \/>\nGermany<\/p>\n<p>Phone: <a href=\"tel:+498104%208908%200\">+49 8104 8908-0<\/a><br \/>\nFax: <a href=\"tel:+498104%208908%2090\">+49 8104 8908-90<\/a><br \/>\nE-mail: <a href=\"mailto:info@wisap.de\">info@wisap.de<\/a>[\/vc_column_text][\/vc_column][vc_column width=&#8221;1\/3&#8243;][vc_column_text]<\/p>\n<h3>Customer service DACH<\/h3>\n<p>Phone <a href=\"tel:+49%208104%208908-10\">+49 8104 8908-10<\/a><br \/>\nE-Mail: <a href=\"mailto:reppenthien@wisap.de\">reppenthien@wisap.de<\/a><\/p>\n<p>&nbsp;<\/p>\n<h3>International customer service<\/h3>\n<p>PhoneTelefon: <a href=\"tel:+49%208104%20890831\">+49 8104 8908-31<\/a><br \/>\nE-Mail: <a href=\"mailto:csint@wisap.de\">csint@wisap.de<\/a>[\/vc_column_text][vc_column_text]<\/p>\n<h3>Technical service<\/h3>\n<p>Telefon: <a href=\"tel:+49%208104%20890864\">+49 8104 8908-64<\/a><br \/>\nE-Mail: <a href=\"mailto:service@wisap.de\">service@wisap.de<\/a>[\/vc_column_text][\/vc_column][vc_column width=&#8221;1\/3&#8243;]\n<div class=\"wpcf7 no-js\" id=\"wpcf7-f1859-o1\" lang=\"en-US\" dir=\"ltr\" data-wpcf7-id=\"1859\">\n<div class=\"screen-reader-response\"><p role=\"status\" aria-live=\"polite\" aria-atomic=\"true\"><\/p> <ul><\/ul><\/div>\n<form action=\"\/en\/wp-json\/wp\/v2\/pages\/1090#wpcf7-f1859-o1\" method=\"post\" class=\"wpcf7-form init\" aria-label=\"Contact form\" novalidate=\"novalidate\" data-status=\"init\">\n<fieldset class=\"hidden-fields-container\"><input type=\"hidden\" name=\"_wpcf7\" value=\"1859\" \/><input type=\"hidden\" name=\"_wpcf7_version\" value=\"6.1.5\" \/><input type=\"hidden\" name=\"_wpcf7_locale\" value=\"en_US\" \/><input type=\"hidden\" name=\"_wpcf7_unit_tag\" value=\"wpcf7-f1859-o1\" \/><input type=\"hidden\" name=\"_wpcf7_container_post\" value=\"0\" \/><input type=\"hidden\" name=\"_wpcf7_posted_data_hash\" value=\"\" \/><input type=\"hidden\" name=\"_wpcf7_recaptcha_response\" value=\"\" \/>\n<\/fieldset>\n<p><label> Salutation <\/label><br \/>\n<span class=\"wpcf7-form-control-wrap\" data-name=\"anrede\"><span class=\"wpcf7-form-control wpcf7-checkbox\" id=\"checkbox\"><span class=\"wpcf7-list-item first\"><label><input type=\"checkbox\" name=\"anrede[]\" value=\"Mrs\" \/><span class=\"wpcf7-list-item-label\">Mrs<\/span><\/label><\/span><span class=\"wpcf7-list-item\"><label><input type=\"checkbox\" name=\"anrede[]\" value=\"Mr\" \/><span class=\"wpcf7-list-item-label\">Mr<\/span><\/label><\/span><span class=\"wpcf7-list-item last\"><label><input type=\"checkbox\" name=\"anrede[]\" value=\"No specification\" \/><span class=\"wpcf7-list-item-label\">No specification<\/span><\/label><\/span><\/span><\/span>\n<\/p>\n<p><label> First name ( required field )<br \/>\n<span class=\"wpcf7-form-control-wrap\" data-name=\"sure-name\"><input size=\"40\" maxlength=\"400\" class=\"wpcf7-form-control wpcf7-text wpcf7-validates-as-required\" id=\"feld\" aria-required=\"true\" aria-invalid=\"false\" value=\"\" type=\"text\" name=\"sure-name\" \/><\/span> <\/label>\n<\/p>\n<p><label> Last name ( required field )<br \/>\n<span class=\"wpcf7-form-control-wrap\" data-name=\"your-name\"><input size=\"40\" maxlength=\"400\" class=\"wpcf7-form-control wpcf7-text wpcf7-validates-as-required\" aria-required=\"true\" aria-invalid=\"false\" value=\"\" type=\"text\" name=\"your-name\" \/><\/span> <\/label>\n<\/p>\n<p><label> Clinic name ( required field )<br \/>\n<span class=\"wpcf7-form-control-wrap\" data-name=\"klinikname\"><input size=\"40\" maxlength=\"400\" class=\"wpcf7-form-control wpcf7-text wpcf7-validates-as-required\" aria-required=\"true\" aria-invalid=\"false\" value=\"\" type=\"text\" name=\"klinikname\" \/><\/span> <\/label>\n<\/p>\n<p><label> Country ( required field )<br \/>\n<span class=\"wpcf7-form-control-wrap\" data-name=\"land\"><input size=\"40\" maxlength=\"400\" class=\"wpcf7-form-control wpcf7-text wpcf7-validates-as-required\" aria-required=\"true\" aria-invalid=\"false\" value=\"\" type=\"text\" name=\"land\" \/><\/span> <\/label>\n<\/p>\n<p><label> E-mail address ( required field )<br \/>\n<span class=\"wpcf7-form-control-wrap\" data-name=\"your-email\"><input size=\"40\" maxlength=\"400\" class=\"wpcf7-form-control wpcf7-email wpcf7-validates-as-required wpcf7-text wpcf7-validates-as-email\" aria-required=\"true\" aria-invalid=\"false\" value=\"\" type=\"email\" name=\"your-email\" \/><\/span> <\/label>\n<\/p>\n<p><label> Question about:<\/label><br \/>\n<span class=\"wpcf7-form-control-wrap\" data-name=\"interesse\"><span class=\"wpcf7-form-control wpcf7-checkbox\"><span class=\"wpcf7-list-item first\"><label><input type=\"checkbox\" name=\"interesse[]\" value=\"Insufflation\" \/><span class=\"wpcf7-list-item-label\">Insufflation<\/span><\/label><\/span><span class=\"wpcf7-list-item\"><label><input type=\"checkbox\" name=\"interesse[]\" value=\"Visualization\" \/><span class=\"wpcf7-list-item-label\">Visualization<\/span><\/label><\/span><span class=\"wpcf7-list-item\"><label><input type=\"checkbox\" name=\"interesse[]\" value=\"Morcellation\" \/><span class=\"wpcf7-list-item-label\">Morcellation<\/span><\/label><\/span><span class=\"wpcf7-list-item\"><label><input type=\"checkbox\" name=\"interesse[]\" value=\"CIN Treatment\" \/><span class=\"wpcf7-list-item-label\">CIN Treatment<\/span><\/label><\/span><span class=\"wpcf7-list-item\"><label><input type=\"checkbox\" name=\"interesse[]\" value=\"Irrigation\" \/><span class=\"wpcf7-list-item-label\">Irrigation<\/span><\/label><\/span><span class=\"wpcf7-list-item last\"><label><input type=\"checkbox\" name=\"interesse[]\" value=\"Instruments\" \/><span class=\"wpcf7-list-item-label\">Instruments<\/span><\/label><\/span><\/span><\/span>\n<\/p>\n<p><label> Your message<br \/>\n<span class=\"wpcf7-form-control-wrap\" data-name=\"your-message\"><textarea cols=\"40\" rows=\"2\" maxlength=\"2000\" class=\"wpcf7-form-control wpcf7-textarea\" id=\"message\" aria-invalid=\"false\" name=\"your-message\"><\/textarea><\/span> <\/label>\n<\/p>\n<p><input class=\"wpcf7-form-control wpcf7-submit has-spinner\" type=\"submit\" value=\"Submit Message\" \/>\n<\/p><div class=\"wpcf7-response-output\" aria-hidden=\"true\"><\/div>\n<\/form>\n<\/div>\n[vc_empty_space][\/vc_column][\/vc_row]<\/p>\n<\/div>","protected":false},"excerpt":{"rendered":"<p>[vc_row][vc_column][vc_column_text] Your contact persons We are here for you![\/vc_column_text][\/vc_column][\/vc_row][vc_row][vc_column width=&#8221;1\/3&#8243;][vc_column_text] Address WISAP\u00ae Medical Technology GmbH Fichtenstrasse 27 85649 Brunnthal\/Hofolding Germany Phone: +49 8104 8908-0 Fax: +49 8104 8908-90 E-mail: info@wisap.de[\/vc_column_text][\/vc_column][vc_column width=&#8221;1\/3&#8243;][vc_column_text] Customer service DACH Phone +49 8104 8908-10 E-Mail: reppenthien@wisap.de &nbsp; International customer service PhoneTelefon: +49 8104 8908-31 E-Mail: csint@wisap.de[\/vc_column_text][vc_column_text] Technical service Telefon: +49 8104&hellip;<\/p>\n","protected":false},"author":1,"featured_media":0,"parent":1086,"menu_order":0,"comment_status":"closed","ping_status":"closed","template":"","meta":{"footnotes":""},"class_list":["post-1090","page","type-page","status-publish","hentry","description-off"],"yoast_head":"<!-- This site is optimized with the Yoast SEO plugin v27.5 - https:\/\/yoast.com\/product\/yoast-seo-wordpress\/ -->\n<title>Contact us - Wisap Medical Technology GmbH<\/title>\n<meta name=\"robots\" content=\"index, follow, max-snippet:-1, max-image-preview:large, max-video-preview:-1\" \/>\n<link rel=\"canonical\" href=\"https:\/\/wisap.de\/en\/company\/ansprechpartner\/\" \/>\n<meta property=\"og:locale\" content=\"en_US\" \/>\n<meta property=\"og:type\" content=\"article\" \/>\n<meta property=\"og:title\" content=\"Contact us - Wisap Medical Technology GmbH\" \/>\n<meta property=\"og:description\" content=\"[vc_row][vc_column][vc_column_text] Your contact persons We are here for you![\/vc_column_text][\/vc_column][\/vc_row][vc_row][vc_column width=&#8221;1\/3&#8243;][vc_column_text] Address WISAP\u00ae Medical Technology GmbH Fichtenstrasse 27 85649 Brunnthal\/Hofolding Germany Phone: +49 8104 8908-0 Fax: +49 8104 8908-90 E-mail: info@wisap.de[\/vc_column_text][\/vc_column][vc_column width=&#8221;1\/3&#8243;][vc_column_text] Customer service DACH Phone +49 8104 8908-10 E-Mail: reppenthien@wisap.de &nbsp; International customer service PhoneTelefon: +49 8104 8908-31 E-Mail: csint@wisap.de[\/vc_column_text][vc_column_text] Technical service Telefon: +49 8104&hellip;\" \/>\n<meta property=\"og:url\" content=\"https:\/\/wisap.de\/en\/company\/ansprechpartner\/\" \/>\n<meta property=\"og:site_name\" content=\"Wisap Medical Technology GmbH\" \/>\n<meta property=\"article:publisher\" content=\"https:\/\/www.facebook.com\/people\/WISAP-Medical-Technology\/100066974771222\/#\" \/>\n<meta property=\"article:modified_time\" content=\"2026-04-20T06:40:46+00:00\" \/>\n<meta name=\"twitter:card\" content=\"summary_large_image\" \/>\n<meta name=\"twitter:label1\" content=\"Est. reading time\" \/>\n\t<meta name=\"twitter:data1\" content=\"1 minute\" \/>\n<script type=\"application\/ld+json\" class=\"yoast-schema-graph\">{\"@context\":\"https:\\\/\\\/schema.org\",\"@graph\":[{\"@type\":\"WebPage\",\"@id\":\"https:\\\/\\\/wisap.de\\\/en\\\/company\\\/ansprechpartner\\\/\",\"url\":\"https:\\\/\\\/wisap.de\\\/en\\\/company\\\/ansprechpartner\\\/\",\"name\":\"Contact us - Wisap Medical Technology GmbH\",\"isPartOf\":{\"@id\":\"https:\\\/\\\/wisap.de\\\/#website\"},\"datePublished\":\"2021-06-17T11:10:26+00:00\",\"dateModified\":\"2026-04-20T06:40:46+00:00\",\"breadcrumb\":{\"@id\":\"https:\\\/\\\/wisap.de\\\/en\\\/company\\\/ansprechpartner\\\/#breadcrumb\"},\"inLanguage\":\"en-US\",\"potentialAction\":[{\"@type\":\"ReadAction\",\"target\":[\"https:\\\/\\\/wisap.de\\\/en\\\/company\\\/ansprechpartner\\\/\"]}]},{\"@type\":\"BreadcrumbList\",\"@id\":\"https:\\\/\\\/wisap.de\\\/en\\\/company\\\/ansprechpartner\\\/#breadcrumb\",\"itemListElement\":[{\"@type\":\"ListItem\",\"position\":1,\"name\":\"Startseite\",\"item\":\"https:\\\/\\\/wisap.de\\\/en\\\/\"},{\"@type\":\"ListItem\",\"position\":2,\"name\":\"Company\",\"item\":\"https:\\\/\\\/wisap.de\\\/en\\\/company\\\/\"},{\"@type\":\"ListItem\",\"position\":3,\"name\":\"Kontakt\"}]},{\"@type\":\"WebSite\",\"@id\":\"https:\\\/\\\/wisap.de\\\/#website\",\"url\":\"https:\\\/\\\/wisap.de\\\/\",\"name\":\"Wisap Medical Technology GmbH\",\"description\":\"Instrumente und L\u00f6sungen f\u00fcr die Gyn\u00e4kologie\",\"publisher\":{\"@id\":\"https:\\\/\\\/wisap.de\\\/#organization\"},\"potentialAction\":[{\"@type\":\"SearchAction\",\"target\":{\"@type\":\"EntryPoint\",\"urlTemplate\":\"https:\\\/\\\/wisap.de\\\/?s={search_term_string}\"},\"query-input\":{\"@type\":\"PropertyValueSpecification\",\"valueRequired\":true,\"valueName\":\"search_term_string\"}}],\"inLanguage\":\"en-US\"},{\"@type\":\"Organization\",\"@id\":\"https:\\\/\\\/wisap.de\\\/#organization\",\"name\":\"Wisap Medical Technology GmbH\",\"url\":\"https:\\\/\\\/wisap.de\\\/\",\"logo\":{\"@type\":\"ImageObject\",\"inLanguage\":\"en-US\",\"@id\":\"https:\\\/\\\/wisap.de\\\/#\\\/schema\\\/logo\\\/image\\\/\",\"url\":\"https:\\\/\\\/wisap.de\\\/wp-content\\\/uploads\\\/2021\\\/06\\\/WISAP-Logo.png\",\"contentUrl\":\"https:\\\/\\\/wisap.de\\\/wp-content\\\/uploads\\\/2021\\\/06\\\/WISAP-Logo.png\",\"width\":286,\"height\":66,\"caption\":\"Wisap Medical Technology GmbH\"},\"image\":{\"@id\":\"https:\\\/\\\/wisap.de\\\/#\\\/schema\\\/logo\\\/image\\\/\"},\"sameAs\":[\"https:\\\/\\\/www.facebook.com\\\/people\\\/WISAP-Medical-Technology\\\/100066974771222\\\/#\",\"https:\\\/\\\/www.linkedin.com\\\/company\\\/wisap\\\/\",\"https:\\\/\\\/www.youtube.com\\\/channel\\\/UCfDE1xfAFGox3OnTbnMa0yg\"]}]}<\/script>\n<!-- \/ Yoast SEO plugin. -->","yoast_head_json":{"title":"Contact us - Wisap Medical Technology GmbH","robots":{"index":"index","follow":"follow","max-snippet":"max-snippet:-1","max-image-preview":"max-image-preview:large","max-video-preview":"max-video-preview:-1"},"canonical":"https:\/\/wisap.de\/en\/company\/ansprechpartner\/","og_locale":"en_US","og_type":"article","og_title":"Contact us - Wisap Medical Technology GmbH","og_description":"[vc_row][vc_column][vc_column_text] Your contact persons We are here for you![\/vc_column_text][\/vc_column][\/vc_row][vc_row][vc_column width=&#8221;1\/3&#8243;][vc_column_text] Address WISAP\u00ae Medical Technology GmbH Fichtenstrasse 27 85649 Brunnthal\/Hofolding Germany Phone: +49 8104 8908-0 Fax: +49 8104 8908-90 E-mail: info@wisap.de[\/vc_column_text][\/vc_column][vc_column width=&#8221;1\/3&#8243;][vc_column_text] Customer service DACH Phone +49 8104 8908-10 E-Mail: reppenthien@wisap.de &nbsp; International customer service PhoneTelefon: +49 8104 8908-31 E-Mail: csint@wisap.de[\/vc_column_text][vc_column_text] Technical service Telefon: +49 8104&hellip;","og_url":"https:\/\/wisap.de\/en\/company\/ansprechpartner\/","og_site_name":"Wisap Medical Technology GmbH","article_publisher":"https:\/\/www.facebook.com\/people\/WISAP-Medical-Technology\/100066974771222\/#","article_modified_time":"2026-04-20T06:40:46+00:00","twitter_card":"summary_large_image","twitter_misc":{"Est. reading time":"1 minute"},"schema":{"@context":"https:\/\/schema.org","@graph":[{"@type":"WebPage","@id":"https:\/\/wisap.de\/en\/company\/ansprechpartner\/","url":"https:\/\/wisap.de\/en\/company\/ansprechpartner\/","name":"Contact us - Wisap Medical Technology GmbH","isPartOf":{"@id":"https:\/\/wisap.de\/#website"},"datePublished":"2021-06-17T11:10:26+00:00","dateModified":"2026-04-20T06:40:46+00:00","breadcrumb":{"@id":"https:\/\/wisap.de\/en\/company\/ansprechpartner\/#breadcrumb"},"inLanguage":"en-US","potentialAction":[{"@type":"ReadAction","target":["https:\/\/wisap.de\/en\/company\/ansprechpartner\/"]}]},{"@type":"BreadcrumbList","@id":"https:\/\/wisap.de\/en\/company\/ansprechpartner\/#breadcrumb","itemListElement":[{"@type":"ListItem","position":1,"name":"Startseite","item":"https:\/\/wisap.de\/en\/"},{"@type":"ListItem","position":2,"name":"Company","item":"https:\/\/wisap.de\/en\/company\/"},{"@type":"ListItem","position":3,"name":"Kontakt"}]},{"@type":"WebSite","@id":"https:\/\/wisap.de\/#website","url":"https:\/\/wisap.de\/","name":"Wisap Medical Technology GmbH","description":"Instrumente und L\u00f6sungen f\u00fcr die Gyn\u00e4kologie","publisher":{"@id":"https:\/\/wisap.de\/#organization"},"potentialAction":[{"@type":"SearchAction","target":{"@type":"EntryPoint","urlTemplate":"https:\/\/wisap.de\/?s={search_term_string}"},"query-input":{"@type":"PropertyValueSpecification","valueRequired":true,"valueName":"search_term_string"}}],"inLanguage":"en-US"},{"@type":"Organization","@id":"https:\/\/wisap.de\/#organization","name":"Wisap Medical Technology GmbH","url":"https:\/\/wisap.de\/","logo":{"@type":"ImageObject","inLanguage":"en-US","@id":"https:\/\/wisap.de\/#\/schema\/logo\/image\/","url":"https:\/\/wisap.de\/wp-content\/uploads\/2021\/06\/WISAP-Logo.png","contentUrl":"https:\/\/wisap.de\/wp-content\/uploads\/2021\/06\/WISAP-Logo.png","width":286,"height":66,"caption":"Wisap Medical Technology GmbH"},"image":{"@id":"https:\/\/wisap.de\/#\/schema\/logo\/image\/"},"sameAs":["https:\/\/www.facebook.com\/people\/WISAP-Medical-Technology\/100066974771222\/#","https:\/\/www.linkedin.com\/company\/wisap\/","https:\/\/www.youtube.com\/channel\/UCfDE1xfAFGox3OnTbnMa0yg"]}]}},"_links":{"self":[{"href":"https:\/\/wisap.de\/en\/wp-json\/wp\/v2\/pages\/1090","targetHints":{"allow":["GET"]}}],"collection":[{"href":"https:\/\/wisap.de\/en\/wp-json\/wp\/v2\/pages"}],"about":[{"href":"https:\/\/wisap.de\/en\/wp-json\/wp\/v2\/types\/page"}],"author":[{"embeddable":true,"href":"https:\/\/wisap.de\/en\/wp-json\/wp\/v2\/users\/1"}],"replies":[{"embeddable":true,"href":"https:\/\/wisap.de\/en\/wp-json\/wp\/v2\/comments?post=1090"}],"version-history":[{"count":8,"href":"https:\/\/wisap.de\/en\/wp-json\/wp\/v2\/pages\/1090\/revisions"}],"predecessor-version":[{"id":3215,"href":"https:\/\/wisap.de\/en\/wp-json\/wp\/v2\/pages\/1090\/revisions\/3215"}],"up":[{"embeddable":true,"href":"https:\/\/wisap.de\/en\/wp-json\/wp\/v2\/pages\/1086"}],"wp:attachment":[{"href":"https:\/\/wisap.de\/en\/wp-json\/wp\/v2\/media?parent=1090"}],"curies":[{"name":"wp","href":"https:\/\/api.w.org\/{rel}","templated":true}]}}