{"id":1087,"date":"2021-08-26T16:04:25","date_gmt":"2021-08-26T14:04:25","guid":{"rendered":"http:\/\/wisap.innnet.de\/company\/directions\/"},"modified":"2026-04-20T07:58:33","modified_gmt":"2026-04-20T05:58:33","slug":"directions","status":"publish","type":"page","link":"https:\/\/wisap.de\/en\/company\/directions\/","title":{"rendered":"Approach"},"content":{"rendered":"<div class=\"wpb-content-wrapper\"><p>[vc_row full_width=&#8221;stretch_row_content&#8221;][vc_column][vc_raw_html]PGlmcmFtZSBzcmM9Imh0dHBzOi8vd3d3Lmdvb2dsZS5jb20vbWFwcy9lbWJlZD9wYj0hMW0xOCExbTEyITFtMyExZDI2NzQuMjgwNDU0MjQ4MTc2ITJkMTEuNzA1NDQ3NDcwNTU5OTkyITNkNDcuOTg2MjQyMTYzNTY4NDA2ITJtMyExZjAhMmYwITNmMCEzbTIhMWkxMDI0ITJpNzY4ITRmMTMuMSEzbTMhMW0yITFzMHg0NzlkZTYyMWEyMmRjMDkzJTNBMHg2NGM2YTgxYjFhNmEwOTczITJzV0lTQVAlMjBNZWRpY2FsJTIwVGVjaG5vbG9neSUyMEdtYkghNWUwITNtMiExc2RlITJzZGUhNHYxNjI3NDgwNjU1MTA1ITVtMiExc2RlITJzZGUiIHdpZHRoPSIxMDAlIiBoZWlnaHQ9IjUwMHB4IiBzdHlsZT0iYm9yZGVyOjA7IiBhbGxvd2Z1bGxzY3JlZW49IiIgbG9hZGluZz0ibGF6eSI+PC9pZnJhbWU+[\/vc_raw_html][\/vc_column][\/vc_row]<\/p>\n<\/div>","protected":false},"excerpt":{"rendered":"<p>[vc_row full_width=&#8221;stretch_row_content&#8221;][vc_column][vc_raw_html]PGlmcmFtZSBzcmM9Imh0dHBzOi8vd3d3Lmdvb2dsZS5jb20vbWFwcy9lbWJlZD9wYj0hMW0xOCExbTEyITFtMyExZDI2NzQuMjgwNDU0MjQ4MTc2ITJkMTEuNzA1NDQ3NDcwNTU5OTkyITNkNDcuOTg2MjQyMTYzNTY4NDA2ITJtMyExZjAhMmYwITNmMCEzbTIhMWkxMDI0ITJpNzY4ITRmMTMuMSEzbTMhMW0yITFzMHg0NzlkZTYyMWEyMmRjMDkzJTNBMHg2NGM2YTgxYjFhNmEwOTczITJzV0lTQVAlMjBNZWRpY2FsJTIwVGVjaG5vbG9neSUyMEdtYkghNWUwITNtMiExc2RlITJzZGUhNHYxNjI3NDgwNjU1MTA1ITVtMiExc2RlITJzZGUiIHdpZHRoPSIxMDAlIiBoZWlnaHQ9IjUwMHB4IiBzdHlsZT0iYm9yZGVyOjA7IiBhbGxvd2Z1bGxzY3JlZW49IiIgbG9hZGluZz0ibGF6eSI+PC9pZnJhbWU+[\/vc_raw_html][\/vc_column][\/vc_row]<\/p>\n","protected":false},"author":1,"featured_media":0,"parent":1086,"menu_order":0,"comment_status":"closed","ping_status":"closed","template":"","meta":{"footnotes":""},"class_list":["post-1087","page","type-page","status-publish","hentry","description-off"],"yoast_head":"<!-- This site is optimized with the Yoast SEO plugin v27.5 - https:\/\/yoast.com\/product\/yoast-seo-wordpress\/ -->\n<title>Approach - Wisap Medical Technology GmbH<\/title>\n<meta name=\"robots\" content=\"index, follow, max-snippet:-1, max-image-preview:large, max-video-preview:-1\" \/>\n<link rel=\"canonical\" href=\"https:\/\/wisap.de\/en\/company\/directions\/\" \/>\n<meta property=\"og:locale\" content=\"en_US\" \/>\n<meta property=\"og:type\" content=\"article\" \/>\n<meta property=\"og:title\" content=\"Approach - Wisap Medical Technology GmbH\" \/>\n<meta property=\"og:description\" content=\"[vc_row full_width=&#8221;stretch_row_content&#8221;][vc_column][vc_raw_html]PGlmcmFtZSBzcmM9Imh0dHBzOi8vd3d3Lmdvb2dsZS5jb20vbWFwcy9lbWJlZD9wYj0hMW0xOCExbTEyITFtMyExZDI2NzQuMjgwNDU0MjQ4MTc2ITJkMTEuNzA1NDQ3NDcwNTU5OTkyITNkNDcuOTg2MjQyMTYzNTY4NDA2ITJtMyExZjAhMmYwITNmMCEzbTIhMWkxMDI0ITJpNzY4ITRmMTMuMSEzbTMhMW0yITFzMHg0NzlkZTYyMWEyMmRjMDkzJTNBMHg2NGM2YTgxYjFhNmEwOTczITJzV0lTQVAlMjBNZWRpY2FsJTIwVGVjaG5vbG9neSUyMEdtYkghNWUwITNtMiExc2RlITJzZGUhNHYxNjI3NDgwNjU1MTA1ITVtMiExc2RlITJzZGUiIHdpZHRoPSIxMDAlIiBoZWlnaHQ9IjUwMHB4IiBzdHlsZT0iYm9yZGVyOjA7IiBhbGxvd2Z1bGxzY3JlZW49IiIgbG9hZGluZz0ibGF6eSI+PC9pZnJhbWU+[\/vc_raw_html][\/vc_column][\/vc_row]\" \/>\n<meta property=\"og:url\" content=\"https:\/\/wisap.de\/en\/company\/directions\/\" \/>\n<meta property=\"og:site_name\" content=\"Wisap Medical Technology GmbH\" \/>\n<meta property=\"article:publisher\" content=\"https:\/\/www.facebook.com\/people\/WISAP-Medical-Technology\/100066974771222\/#\" \/>\n<meta property=\"article:modified_time\" content=\"2026-04-20T05:58:33+00:00\" \/>\n<meta name=\"twitter:card\" content=\"summary_large_image\" \/>\n<script type=\"application\/ld+json\" class=\"yoast-schema-graph\">{\"@context\":\"https:\\\/\\\/schema.org\",\"@graph\":[{\"@type\":\"WebPage\",\"@id\":\"https:\\\/\\\/wisap.de\\\/en\\\/company\\\/directions\\\/\",\"url\":\"https:\\\/\\\/wisap.de\\\/en\\\/company\\\/directions\\\/\",\"name\":\"Approach - Wisap Medical Technology GmbH\",\"isPartOf\":{\"@id\":\"https:\\\/\\\/wisap.de\\\/#website\"},\"datePublished\":\"2021-08-26T14:04:25+00:00\",\"dateModified\":\"2026-04-20T05:58:33+00:00\",\"breadcrumb\":{\"@id\":\"https:\\\/\\\/wisap.de\\\/en\\\/company\\\/directions\\\/#breadcrumb\"},\"inLanguage\":\"en-US\",\"potentialAction\":[{\"@type\":\"ReadAction\",\"target\":[\"https:\\\/\\\/wisap.de\\\/en\\\/company\\\/directions\\\/\"]}]},{\"@type\":\"BreadcrumbList\",\"@id\":\"https:\\\/\\\/wisap.de\\\/en\\\/company\\\/directions\\\/#breadcrumb\",\"itemListElement\":[{\"@type\":\"ListItem\",\"position\":1,\"name\":\"Startseite\",\"item\":\"https:\\\/\\\/wisap.de\\\/en\\\/\"},{\"@type\":\"ListItem\",\"position\":2,\"name\":\"Company\",\"item\":\"https:\\\/\\\/wisap.de\\\/en\\\/company\\\/\"},{\"@type\":\"ListItem\",\"position\":3,\"name\":\"Directions\"}]},{\"@type\":\"WebSite\",\"@id\":\"https:\\\/\\\/wisap.de\\\/#website\",\"url\":\"https:\\\/\\\/wisap.de\\\/\",\"name\":\"Wisap Medical Technology GmbH\",\"description\":\"Instrumente und L\u00f6sungen f\u00fcr die Gyn\u00e4kologie\",\"publisher\":{\"@id\":\"https:\\\/\\\/wisap.de\\\/#organization\"},\"potentialAction\":[{\"@type\":\"SearchAction\",\"target\":{\"@type\":\"EntryPoint\",\"urlTemplate\":\"https:\\\/\\\/wisap.de\\\/?s={search_term_string}\"},\"query-input\":{\"@type\":\"PropertyValueSpecification\",\"valueRequired\":true,\"valueName\":\"search_term_string\"}}],\"inLanguage\":\"en-US\"},{\"@type\":\"Organization\",\"@id\":\"https:\\\/\\\/wisap.de\\\/#organization\",\"name\":\"Wisap Medical Technology GmbH\",\"url\":\"https:\\\/\\\/wisap.de\\\/\",\"logo\":{\"@type\":\"ImageObject\",\"inLanguage\":\"en-US\",\"@id\":\"https:\\\/\\\/wisap.de\\\/#\\\/schema\\\/logo\\\/image\\\/\",\"url\":\"https:\\\/\\\/wisap.de\\\/wp-content\\\/uploads\\\/2021\\\/06\\\/WISAP-Logo.png\",\"contentUrl\":\"https:\\\/\\\/wisap.de\\\/wp-content\\\/uploads\\\/2021\\\/06\\\/WISAP-Logo.png\",\"width\":286,\"height\":66,\"caption\":\"Wisap Medical Technology GmbH\"},\"image\":{\"@id\":\"https:\\\/\\\/wisap.de\\\/#\\\/schema\\\/logo\\\/image\\\/\"},\"sameAs\":[\"https:\\\/\\\/www.facebook.com\\\/people\\\/WISAP-Medical-Technology\\\/100066974771222\\\/#\",\"https:\\\/\\\/www.linkedin.com\\\/company\\\/wisap\\\/\",\"https:\\\/\\\/www.youtube.com\\\/channel\\\/UCfDE1xfAFGox3OnTbnMa0yg\"]}]}<\/script>\n<!-- \/ Yoast SEO plugin. -->","yoast_head_json":{"title":"Approach - Wisap Medical Technology GmbH","robots":{"index":"index","follow":"follow","max-snippet":"max-snippet:-1","max-image-preview":"max-image-preview:large","max-video-preview":"max-video-preview:-1"},"canonical":"https:\/\/wisap.de\/en\/company\/directions\/","og_locale":"en_US","og_type":"article","og_title":"Approach - Wisap Medical Technology GmbH","og_description":"[vc_row full_width=&#8221;stretch_row_content&#8221;][vc_column][vc_raw_html]PGlmcmFtZSBzcmM9Imh0dHBzOi8vd3d3Lmdvb2dsZS5jb20vbWFwcy9lbWJlZD9wYj0hMW0xOCExbTEyITFtMyExZDI2NzQuMjgwNDU0MjQ4MTc2ITJkMTEuNzA1NDQ3NDcwNTU5OTkyITNkNDcuOTg2MjQyMTYzNTY4NDA2ITJtMyExZjAhMmYwITNmMCEzbTIhMWkxMDI0ITJpNzY4ITRmMTMuMSEzbTMhMW0yITFzMHg0NzlkZTYyMWEyMmRjMDkzJTNBMHg2NGM2YTgxYjFhNmEwOTczITJzV0lTQVAlMjBNZWRpY2FsJTIwVGVjaG5vbG9neSUyMEdtYkghNWUwITNtMiExc2RlITJzZGUhNHYxNjI3NDgwNjU1MTA1ITVtMiExc2RlITJzZGUiIHdpZHRoPSIxMDAlIiBoZWlnaHQ9IjUwMHB4IiBzdHlsZT0iYm9yZGVyOjA7IiBhbGxvd2Z1bGxzY3JlZW49IiIgbG9hZGluZz0ibGF6eSI+PC9pZnJhbWU+[\/vc_raw_html][\/vc_column][\/vc_row]","og_url":"https:\/\/wisap.de\/en\/company\/directions\/","og_site_name":"Wisap Medical Technology GmbH","article_publisher":"https:\/\/www.facebook.com\/people\/WISAP-Medical-Technology\/100066974771222\/#","article_modified_time":"2026-04-20T05:58:33+00:00","twitter_card":"summary_large_image","schema":{"@context":"https:\/\/schema.org","@graph":[{"@type":"WebPage","@id":"https:\/\/wisap.de\/en\/company\/directions\/","url":"https:\/\/wisap.de\/en\/company\/directions\/","name":"Approach - Wisap Medical Technology GmbH","isPartOf":{"@id":"https:\/\/wisap.de\/#website"},"datePublished":"2021-08-26T14:04:25+00:00","dateModified":"2026-04-20T05:58:33+00:00","breadcrumb":{"@id":"https:\/\/wisap.de\/en\/company\/directions\/#breadcrumb"},"inLanguage":"en-US","potentialAction":[{"@type":"ReadAction","target":["https:\/\/wisap.de\/en\/company\/directions\/"]}]},{"@type":"BreadcrumbList","@id":"https:\/\/wisap.de\/en\/company\/directions\/#breadcrumb","itemListElement":[{"@type":"ListItem","position":1,"name":"Startseite","item":"https:\/\/wisap.de\/en\/"},{"@type":"ListItem","position":2,"name":"Company","item":"https:\/\/wisap.de\/en\/company\/"},{"@type":"ListItem","position":3,"name":"Directions"}]},{"@type":"WebSite","@id":"https:\/\/wisap.de\/#website","url":"https:\/\/wisap.de\/","name":"Wisap Medical Technology GmbH","description":"Instrumente und L\u00f6sungen f\u00fcr die Gyn\u00e4kologie","publisher":{"@id":"https:\/\/wisap.de\/#organization"},"potentialAction":[{"@type":"SearchAction","target":{"@type":"EntryPoint","urlTemplate":"https:\/\/wisap.de\/?s={search_term_string}"},"query-input":{"@type":"PropertyValueSpecification","valueRequired":true,"valueName":"search_term_string"}}],"inLanguage":"en-US"},{"@type":"Organization","@id":"https:\/\/wisap.de\/#organization","name":"Wisap Medical Technology GmbH","url":"https:\/\/wisap.de\/","logo":{"@type":"ImageObject","inLanguage":"en-US","@id":"https:\/\/wisap.de\/#\/schema\/logo\/image\/","url":"https:\/\/wisap.de\/wp-content\/uploads\/2021\/06\/WISAP-Logo.png","contentUrl":"https:\/\/wisap.de\/wp-content\/uploads\/2021\/06\/WISAP-Logo.png","width":286,"height":66,"caption":"Wisap Medical Technology GmbH"},"image":{"@id":"https:\/\/wisap.de\/#\/schema\/logo\/image\/"},"sameAs":["https:\/\/www.facebook.com\/people\/WISAP-Medical-Technology\/100066974771222\/#","https:\/\/www.linkedin.com\/company\/wisap\/","https:\/\/www.youtube.com\/channel\/UCfDE1xfAFGox3OnTbnMa0yg"]}]}},"_links":{"self":[{"href":"https:\/\/wisap.de\/en\/wp-json\/wp\/v2\/pages\/1087","targetHints":{"allow":["GET"]}}],"collection":[{"href":"https:\/\/wisap.de\/en\/wp-json\/wp\/v2\/pages"}],"about":[{"href":"https:\/\/wisap.de\/en\/wp-json\/wp\/v2\/types\/page"}],"author":[{"embeddable":true,"href":"https:\/\/wisap.de\/en\/wp-json\/wp\/v2\/users\/1"}],"replies":[{"embeddable":true,"href":"https:\/\/wisap.de\/en\/wp-json\/wp\/v2\/comments?post=1087"}],"version-history":[{"count":3,"href":"https:\/\/wisap.de\/en\/wp-json\/wp\/v2\/pages\/1087\/revisions"}],"predecessor-version":[{"id":3142,"href":"https:\/\/wisap.de\/en\/wp-json\/wp\/v2\/pages\/1087\/revisions\/3142"}],"up":[{"embeddable":true,"href":"https:\/\/wisap.de\/en\/wp-json\/wp\/v2\/pages\/1086"}],"wp:attachment":[{"href":"https:\/\/wisap.de\/en\/wp-json\/wp\/v2\/media?parent=1087"}],"curies":[{"name":"wp","href":"https:\/\/api.w.org\/{rel}","templated":true}]}}