{"id":1068,"date":"2021-08-26T15:58:31","date_gmt":"2021-08-26T13:58:31","guid":{"rendered":"http:\/\/wisap.innnet.de\/download\/"},"modified":"2023-06-29T14:33:22","modified_gmt":"2023-06-29T12:33:22","slug":"download","status":"publish","type":"page","link":"https:\/\/wisap.de\/en\/download\/","title":{"rendered":"DOWNLOAD"},"content":{"rendered":"<div class=\"wpb-content-wrapper\"><p>[vc_row][vc_column width=&#8221;1\/2&#8243;][vc_column_text]<\/p>\n<div class=\"clearfix\">\n<div>\n<h1>INFO-CENTER<\/h1>\n<\/div>\n<\/div>\n<p><strong>Protected Area<\/strong><\/p>\n<p>&nbsp;<\/p>\n<p>Als registrierter Kunde k\u00f6nnen Sie jederzeit auf folgende Inhalte zugreifen:<\/p>\n<ul>\n<li>\n<div>Konformit\u00e4tserkl\u00e4rungen<\/div>\n<\/li>\n<li>\n<div>Gebrauchsanweisungen<\/div>\n<\/li>\n<li>\n<div>Aufbereitungsanleitungen<\/div>\n<\/li>\n<li>\n<div>Schulungsunterlagen<\/div>\n<\/li>\n<li>\n<div>Marketingmaterial<\/div>\n<\/li>\n<li>\n<div>Produktfotos<\/div>\n<\/li>\n<\/ul>\n<p>[\/vc_column_text][vc_empty_space][\/vc_column][vc_column width=&#8221;1\/2&#8243;][\/vc_column][\/vc_row][vc_row][vc_column][vc_column_text]<\/p>\n<h2>Catalogues<\/h2>\n<p>[\/vc_column_text][\/vc_column][\/vc_row][vc_row][vc_column][vc_row_inner][vc_column_inner width=&#8221;1\/2&#8243;][vc_column_text]<\/p>\n<h4>GYNECOLOGY<\/h4>\n<p>[\/vc_column_text][\/vc_column_inner][vc_column_inner width=&#8221;1\/2&#8243;][vc_btn title=&#8221;Download (PDF)&#8221; style=&#8221;gradient-custom&#8221; gradient_custom_color_1=&#8221;#4ea42f&#8221; gradient_custom_color_2=&#8221;#78c050&#8243; align=&#8221;left&#8221; i_icon_fontawesome=&#8221;far fa-file-pdf&#8221; css_animation=&#8221;fadeIn&#8221; add_icon=&#8221;true&#8221; link=&#8221;url:%2Fwp-content%2Fuploads%2FWISAP-Gynaekologie-2023-05-25web.pdf|title:Download%20%28PDF%29|target:_blank|&#8221;][\/vc_column_inner][\/vc_row_inner][vc_separator][vc_row_inner][vc_column_inner width=&#8221;1\/2&#8243;][vc_column_text]<\/p>\n<h4>INSUFFLATION<\/h4>\n<p>[\/vc_column_text][\/vc_column_inner][vc_column_inner width=&#8221;1\/2&#8243;][vc_btn title=&#8221;Download (PDF)&#8221; style=&#8221;gradient-custom&#8221; gradient_custom_color_1=&#8221;#4ea42f&#8221; gradient_custom_color_2=&#8221;#78c050&#8243; align=&#8221;left&#8221; i_icon_fontawesome=&#8221;far fa-file-pdf&#8221; css_animation=&#8221;fadeIn&#8221; add_icon=&#8221;true&#8221; link=&#8221;url:%2Fwp-content%2Fuploads%2FWISAP-Insufflation_2023-05-12-web.pdf|title:Download%20%28PDF%29|target:_blank|&#8221;][\/vc_column_inner][\/vc_row_inner][vc_separator][vc_row_inner][vc_column_inner width=&#8221;1\/2&#8243;][vc_column_text]<\/p>\n<h4>VISUALIZATION<\/h4>\n<p>[\/vc_column_text][\/vc_column_inner][vc_column_inner width=&#8221;1\/2&#8243;][vc_btn title=&#8221;Download (PDF)&#8221; style=&#8221;gradient-custom&#8221; gradient_custom_color_1=&#8221;#4ea42f&#8221; gradient_custom_color_2=&#8221;#78c050&#8243; align=&#8221;left&#8221; i_icon_fontawesome=&#8221;far fa-file-pdf&#8221; css_animation=&#8221;fadeIn&#8221; add_icon=&#8221;true&#8221; link=&#8221;url:%2Fwp-content%2Fuploads%2FWISAP-Visualisierung_2023-05-31-web.pdf|title:Download%20%28PDF%29|target:_blank|&#8221;][\/vc_column_inner][\/vc_row_inner][vc_separator][vc_row_inner][vc_column_inner width=&#8221;1\/2&#8243;][vc_column_text]<\/p>\n<h4>MORCELLATION<\/h4>\n<p>[\/vc_column_text][\/vc_column_inner][vc_column_inner width=&#8221;1\/2&#8243;][vc_btn title=&#8221;Download (PDF)&#8221; style=&#8221;gradient-custom&#8221; gradient_custom_color_1=&#8221;#4ea42f&#8221; gradient_custom_color_2=&#8221;#78c050&#8243; align=&#8221;left&#8221; i_icon_fontawesome=&#8221;far fa-file-pdf&#8221; css_animation=&#8221;fadeIn&#8221; add_icon=&#8221;true&#8221; link=&#8221;url:%2Fwp-content%2Fuploads%2FWISAP-Morcellation_2023-05-25-web.pdf|title:Download%20%28PDF%29|target:_blank|&#8221;][\/vc_column_inner][\/vc_row_inner][vc_separator][vc_row_inner][vc_column_inner width=&#8221;1\/2&#8243;][vc_column_text]<\/p>\n<h4>IRRIGATION<\/h4>\n<p>[\/vc_column_text][\/vc_column_inner][vc_column_inner width=&#8221;1\/2&#8243;][vc_btn title=&#8221;Download (PDF)&#8221; style=&#8221;gradient-custom&#8221; gradient_custom_color_1=&#8221;#4ea42f&#8221; gradient_custom_color_2=&#8221;#78c050&#8243; align=&#8221;left&#8221; i_icon_fontawesome=&#8221;far fa-file-pdf&#8221; css_animation=&#8221;fadeIn&#8221; add_icon=&#8221;true&#8221; link=&#8221;url:%2Fwp-content%2Fuploads%2FWISAP-Irrigation_2023-05-31-web.pdf|title:Download%20%28PDF%29|target:_blank|&#8221;][\/vc_column_inner][\/vc_row_inner][vc_separator][vc_separator][vc_row_inner][vc_column_inner width=&#8221;1\/2&#8243;][vc_column_text]<\/p>\n<h4>INSTRUMENTS<\/h4>\n<p>[\/vc_column_text][\/vc_column_inner][vc_column_inner width=&#8221;1\/2&#8243;][vc_btn title=&#8221;Download (PDF)&#8221; style=&#8221;gradient-custom&#8221; gradient_custom_color_1=&#8221;#4ea42f&#8221; gradient_custom_color_2=&#8221;#78c050&#8243; align=&#8221;left&#8221; i_icon_fontawesome=&#8221;far fa-file-pdf&#8221; css_animation=&#8221;fadeIn&#8221; add_icon=&#8221;true&#8221; link=&#8221;url:%2Fwp-content%2Fuploads%2FWISAP-Instruments-PROLine-2-and-3-parts_2023-05-11-web.pdf|title:Download%20%28PDF%29|target:_blank|&#8221;][\/vc_column_inner][\/vc_row_inner][vc_separator][\/vc_column][\/vc_row][vc_row][vc_column][vc_empty_space][vc_column_text]<\/p>\n<h2>Miscellaneous<\/h2>\n<p>[\/vc_column_text][vc_empty_space][\/vc_column][\/vc_row][vc_row][vc_column][vc_row_inner][vc_column_inner width=&#8221;1\/2&#8243;][vc_column_text]<\/p>\n<h4>DEALER PROFILE<\/h4>\n<p>[\/vc_column_text][\/vc_column_inner][vc_column_inner width=&#8221;1\/2&#8243;][vc_btn title=&#8221;Download (doc)&#8221; style=&#8221;gradient-custom&#8221; gradient_custom_color_1=&#8221;#4ea42f&#8221; gradient_custom_color_2=&#8221;#78c050&#8243; align=&#8221;left&#8221; i_icon_fontawesome=&#8221;far fa-file-word&#8221; css_animation=&#8221;fadeIn&#8221; add_icon=&#8221;true&#8221; link=&#8221;url:%2Fwp-content%2Fuploads%2FDistributor-Evaluation-Form-2015.doc|title:Download%20%28doc%29|target:_blank|&#8221;][\/vc_column_inner][\/vc_row_inner][vc_separator][vc_row_inner][vc_column_inner width=&#8221;1\/2&#8243;][vc_column_text]<\/p>\n<h4>WISAP AGB<\/h4>\n<p>[\/vc_column_text][\/vc_column_inner][vc_column_inner width=&#8221;1\/2&#8243;][vc_btn title=&#8221;Download (PDF)&#8221; style=&#8221;gradient-custom&#8221; gradient_custom_color_1=&#8221;#4ea42f&#8221; gradient_custom_color_2=&#8221;#78c050&#8243; align=&#8221;left&#8221; i_icon_fontawesome=&#8221;far fa-file-pdf&#8221; css_animation=&#8221;fadeIn&#8221; add_icon=&#8221;true&#8221; link=&#8221;url:%2Fwp-content%2Fuploads%2FWISAP-AGB-D-20132.pdf|title:Download%20%28PDF%29|target:_blank|&#8221;][\/vc_column_inner][\/vc_row_inner][vc_separator][vc_row_inner][vc_column_inner width=&#8221;1\/2&#8243;][vc_column_text]<\/p>\n<h4>DECONTAMINATION CERTIFICATE<\/h4>\n<p>[\/vc_column_text][\/vc_column_inner][vc_column_inner width=&#8221;1\/2&#8243;][vc_btn title=&#8221;Download (PDF)&#8221; style=&#8221;gradient-custom&#8221; gradient_custom_color_1=&#8221;#4ea42f&#8221; gradient_custom_color_2=&#8221;#78c050&#8243; align=&#8221;left&#8221; i_icon_fontawesome=&#8221;far fa-file-pdf&#8221; css_animation=&#8221;fadeIn&#8221; add_icon=&#8221;true&#8221; link=&#8221;url:%2Fwp-content%2Fuploads%2FDekontaminationsbescheinigung.pdf|title:Download%20%28PDF%29|target:_blank|&#8221;][\/vc_column_inner][\/vc_row_inner][vc_empty_space height=&#8221;52px&#8221;][\/vc_column][\/vc_row]<\/p>\n<\/div>","protected":false},"excerpt":{"rendered":"<p>[vc_row][vc_column width=&#8221;1\/2&#8243;][vc_column_text] INFO-CENTER Protected Area &nbsp; Als registrierter Kunde k\u00f6nnen Sie jederzeit auf folgende Inhalte zugreifen: Konformit\u00e4tserkl\u00e4rungen Gebrauchsanweisungen Aufbereitungsanleitungen Schulungsunterlagen Marketingmaterial Produktfotos [\/vc_column_text][vc_empty_space][\/vc_column][vc_column width=&#8221;1\/2&#8243;][\/vc_column][\/vc_row][vc_row][vc_column][vc_column_text] Catalogues [\/vc_column_text][\/vc_column][\/vc_row][vc_row][vc_column][vc_row_inner][vc_column_inner width=&#8221;1\/2&#8243;][vc_column_text] GYNECOLOGY [\/vc_column_text][\/vc_column_inner][vc_column_inner width=&#8221;1\/2&#8243;][vc_btn title=&#8221;Download (PDF)&#8221; style=&#8221;gradient-custom&#8221; gradient_custom_color_1=&#8221;#4ea42f&#8221; gradient_custom_color_2=&#8221;#78c050&#8243; align=&#8221;left&#8221; i_icon_fontawesome=&#8221;far fa-file-pdf&#8221; css_animation=&#8221;fadeIn&#8221; add_icon=&#8221;true&#8221; link=&#8221;url:%2Fwp-content%2Fuploads%2FWISAP-Gynaekologie-2023-05-25web.pdf|title:Download%20%28PDF%29|target:_blank|&#8221;][\/vc_column_inner][\/vc_row_inner][vc_separator][vc_row_inner][vc_column_inner width=&#8221;1\/2&#8243;][vc_column_text] INSUFFLATION [\/vc_column_text][\/vc_column_inner][vc_column_inner width=&#8221;1\/2&#8243;][vc_btn title=&#8221;Download (PDF)&#8221; style=&#8221;gradient-custom&#8221; gradient_custom_color_1=&#8221;#4ea42f&#8221; gradient_custom_color_2=&#8221;#78c050&#8243; align=&#8221;left&#8221; i_icon_fontawesome=&#8221;far fa-file-pdf&#8221; css_animation=&#8221;fadeIn&#8221; add_icon=&#8221;true&#8221;&hellip;<\/p>\n","protected":false},"author":1,"featured_media":0,"parent":0,"menu_order":0,"comment_status":"closed","ping_status":"closed","template":"","meta":{"footnotes":""},"class_list":["post-1068","page","type-page","status-publish","hentry","description-off"],"yoast_head":"<!-- This site is optimized with the Yoast SEO plugin v27.4 - https:\/\/yoast.com\/product\/yoast-seo-wordpress\/ -->\n<title>DOWNLOAD - Wisap Medical Technology GmbH<\/title>\n<meta name=\"robots\" content=\"index, follow, max-snippet:-1, max-image-preview:large, max-video-preview:-1\" \/>\n<link rel=\"canonical\" href=\"https:\/\/wisap.de\/en\/download\/\" \/>\n<meta property=\"og:locale\" content=\"en_US\" \/>\n<meta property=\"og:type\" content=\"article\" \/>\n<meta property=\"og:title\" content=\"DOWNLOAD - Wisap Medical Technology GmbH\" \/>\n<meta property=\"og:description\" content=\"[vc_row][vc_column width=&#8221;1\/2&#8243;][vc_column_text] INFO-CENTER Protected Area &nbsp; Als registrierter Kunde k\u00f6nnen Sie jederzeit auf folgende Inhalte zugreifen: Konformit\u00e4tserkl\u00e4rungen Gebrauchsanweisungen Aufbereitungsanleitungen Schulungsunterlagen Marketingmaterial Produktfotos [\/vc_column_text][vc_empty_space][\/vc_column][vc_column width=&#8221;1\/2&#8243;][\/vc_column][\/vc_row][vc_row][vc_column][vc_column_text] Catalogues [\/vc_column_text][\/vc_column][\/vc_row][vc_row][vc_column][vc_row_inner][vc_column_inner width=&#8221;1\/2&#8243;][vc_column_text] GYNECOLOGY [\/vc_column_text][\/vc_column_inner][vc_column_inner width=&#8221;1\/2&#8243;][vc_btn title=&#8221;Download (PDF)&#8221; style=&#8221;gradient-custom&#8221; gradient_custom_color_1=&#8221;#4ea42f&#8221; gradient_custom_color_2=&#8221;#78c050&#8243; align=&#8221;left&#8221; i_icon_fontawesome=&#8221;far fa-file-pdf&#8221; css_animation=&#8221;fadeIn&#8221; add_icon=&#8221;true&#8221; link=&#8221;url:%2Fwp-content%2Fuploads%2FWISAP-Gynaekologie-2023-05-25web.pdf|title:Download%20%28PDF%29|target:_blank|&#8221;][\/vc_column_inner][\/vc_row_inner][vc_separator][vc_row_inner][vc_column_inner width=&#8221;1\/2&#8243;][vc_column_text] INSUFFLATION [\/vc_column_text][\/vc_column_inner][vc_column_inner width=&#8221;1\/2&#8243;][vc_btn title=&#8221;Download (PDF)&#8221; style=&#8221;gradient-custom&#8221; gradient_custom_color_1=&#8221;#4ea42f&#8221; gradient_custom_color_2=&#8221;#78c050&#8243; align=&#8221;left&#8221; i_icon_fontawesome=&#8221;far fa-file-pdf&#8221; css_animation=&#8221;fadeIn&#8221; add_icon=&#8221;true&#8221;&hellip;\" \/>\n<meta property=\"og:url\" content=\"https:\/\/wisap.de\/en\/download\/\" \/>\n<meta property=\"og:site_name\" content=\"Wisap Medical Technology GmbH\" \/>\n<meta property=\"article:publisher\" content=\"https:\/\/www.facebook.com\/people\/WISAP-Medical-Technology\/100066974771222\/#\" \/>\n<meta property=\"article:modified_time\" content=\"2023-06-29T12:33:22+00:00\" \/>\n<meta name=\"twitter:card\" content=\"summary_large_image\" \/>\n<meta name=\"twitter:label1\" content=\"Est. reading time\" \/>\n\t<meta name=\"twitter:data1\" content=\"4 minutes\" \/>\n<script type=\"application\/ld+json\" class=\"yoast-schema-graph\">{\"@context\":\"https:\\\/\\\/schema.org\",\"@graph\":[{\"@type\":\"WebPage\",\"@id\":\"https:\\\/\\\/wisap.de\\\/en\\\/download\\\/\",\"url\":\"https:\\\/\\\/wisap.de\\\/en\\\/download\\\/\",\"name\":\"DOWNLOAD - Wisap Medical Technology GmbH\",\"isPartOf\":{\"@id\":\"https:\\\/\\\/wisap.de\\\/#website\"},\"datePublished\":\"2021-08-26T13:58:31+00:00\",\"dateModified\":\"2023-06-29T12:33:22+00:00\",\"breadcrumb\":{\"@id\":\"https:\\\/\\\/wisap.de\\\/en\\\/download\\\/#breadcrumb\"},\"inLanguage\":\"en-US\",\"potentialAction\":[{\"@type\":\"ReadAction\",\"target\":[\"https:\\\/\\\/wisap.de\\\/en\\\/download\\\/\"]}]},{\"@type\":\"BreadcrumbList\",\"@id\":\"https:\\\/\\\/wisap.de\\\/en\\\/download\\\/#breadcrumb\",\"itemListElement\":[{\"@type\":\"ListItem\",\"position\":1,\"name\":\"Startseite\",\"item\":\"https:\\\/\\\/wisap.de\\\/en\\\/\"},{\"@type\":\"ListItem\",\"position\":2,\"name\":\"DOWNLOAD\"}]},{\"@type\":\"WebSite\",\"@id\":\"https:\\\/\\\/wisap.de\\\/#website\",\"url\":\"https:\\\/\\\/wisap.de\\\/\",\"name\":\"Wisap Medical Technology GmbH\",\"description\":\"Instrumente und L\u00f6sungen f\u00fcr die Gyn\u00e4kologie\",\"publisher\":{\"@id\":\"https:\\\/\\\/wisap.de\\\/#organization\"},\"potentialAction\":[{\"@type\":\"SearchAction\",\"target\":{\"@type\":\"EntryPoint\",\"urlTemplate\":\"https:\\\/\\\/wisap.de\\\/?s={search_term_string}\"},\"query-input\":{\"@type\":\"PropertyValueSpecification\",\"valueRequired\":true,\"valueName\":\"search_term_string\"}}],\"inLanguage\":\"en-US\"},{\"@type\":\"Organization\",\"@id\":\"https:\\\/\\\/wisap.de\\\/#organization\",\"name\":\"Wisap Medical Technology GmbH\",\"url\":\"https:\\\/\\\/wisap.de\\\/\",\"logo\":{\"@type\":\"ImageObject\",\"inLanguage\":\"en-US\",\"@id\":\"https:\\\/\\\/wisap.de\\\/#\\\/schema\\\/logo\\\/image\\\/\",\"url\":\"https:\\\/\\\/wisap.de\\\/wp-content\\\/uploads\\\/2021\\\/06\\\/WISAP-Logo.png\",\"contentUrl\":\"https:\\\/\\\/wisap.de\\\/wp-content\\\/uploads\\\/2021\\\/06\\\/WISAP-Logo.png\",\"width\":286,\"height\":66,\"caption\":\"Wisap Medical Technology GmbH\"},\"image\":{\"@id\":\"https:\\\/\\\/wisap.de\\\/#\\\/schema\\\/logo\\\/image\\\/\"},\"sameAs\":[\"https:\\\/\\\/www.facebook.com\\\/people\\\/WISAP-Medical-Technology\\\/100066974771222\\\/#\",\"https:\\\/\\\/www.linkedin.com\\\/company\\\/wisap\\\/\",\"https:\\\/\\\/www.youtube.com\\\/channel\\\/UCfDE1xfAFGox3OnTbnMa0yg\"]}]}<\/script>\n<!-- \/ Yoast SEO plugin. -->","yoast_head_json":{"title":"DOWNLOAD - Wisap Medical Technology GmbH","robots":{"index":"index","follow":"follow","max-snippet":"max-snippet:-1","max-image-preview":"max-image-preview:large","max-video-preview":"max-video-preview:-1"},"canonical":"https:\/\/wisap.de\/en\/download\/","og_locale":"en_US","og_type":"article","og_title":"DOWNLOAD - Wisap Medical Technology GmbH","og_description":"[vc_row][vc_column width=&#8221;1\/2&#8243;][vc_column_text] INFO-CENTER Protected Area &nbsp; Als registrierter Kunde k\u00f6nnen Sie jederzeit auf folgende Inhalte zugreifen: Konformit\u00e4tserkl\u00e4rungen Gebrauchsanweisungen Aufbereitungsanleitungen Schulungsunterlagen Marketingmaterial Produktfotos [\/vc_column_text][vc_empty_space][\/vc_column][vc_column width=&#8221;1\/2&#8243;][\/vc_column][\/vc_row][vc_row][vc_column][vc_column_text] Catalogues [\/vc_column_text][\/vc_column][\/vc_row][vc_row][vc_column][vc_row_inner][vc_column_inner width=&#8221;1\/2&#8243;][vc_column_text] GYNECOLOGY [\/vc_column_text][\/vc_column_inner][vc_column_inner width=&#8221;1\/2&#8243;][vc_btn title=&#8221;Download (PDF)&#8221; style=&#8221;gradient-custom&#8221; gradient_custom_color_1=&#8221;#4ea42f&#8221; gradient_custom_color_2=&#8221;#78c050&#8243; align=&#8221;left&#8221; i_icon_fontawesome=&#8221;far fa-file-pdf&#8221; css_animation=&#8221;fadeIn&#8221; add_icon=&#8221;true&#8221; link=&#8221;url:%2Fwp-content%2Fuploads%2FWISAP-Gynaekologie-2023-05-25web.pdf|title:Download%20%28PDF%29|target:_blank|&#8221;][\/vc_column_inner][\/vc_row_inner][vc_separator][vc_row_inner][vc_column_inner width=&#8221;1\/2&#8243;][vc_column_text] INSUFFLATION [\/vc_column_text][\/vc_column_inner][vc_column_inner width=&#8221;1\/2&#8243;][vc_btn title=&#8221;Download (PDF)&#8221; style=&#8221;gradient-custom&#8221; gradient_custom_color_1=&#8221;#4ea42f&#8221; gradient_custom_color_2=&#8221;#78c050&#8243; align=&#8221;left&#8221; i_icon_fontawesome=&#8221;far fa-file-pdf&#8221; css_animation=&#8221;fadeIn&#8221; add_icon=&#8221;true&#8221;&hellip;","og_url":"https:\/\/wisap.de\/en\/download\/","og_site_name":"Wisap Medical Technology GmbH","article_publisher":"https:\/\/www.facebook.com\/people\/WISAP-Medical-Technology\/100066974771222\/#","article_modified_time":"2023-06-29T12:33:22+00:00","twitter_card":"summary_large_image","twitter_misc":{"Est. reading time":"4 minutes"},"schema":{"@context":"https:\/\/schema.org","@graph":[{"@type":"WebPage","@id":"https:\/\/wisap.de\/en\/download\/","url":"https:\/\/wisap.de\/en\/download\/","name":"DOWNLOAD - Wisap Medical Technology GmbH","isPartOf":{"@id":"https:\/\/wisap.de\/#website"},"datePublished":"2021-08-26T13:58:31+00:00","dateModified":"2023-06-29T12:33:22+00:00","breadcrumb":{"@id":"https:\/\/wisap.de\/en\/download\/#breadcrumb"},"inLanguage":"en-US","potentialAction":[{"@type":"ReadAction","target":["https:\/\/wisap.de\/en\/download\/"]}]},{"@type":"BreadcrumbList","@id":"https:\/\/wisap.de\/en\/download\/#breadcrumb","itemListElement":[{"@type":"ListItem","position":1,"name":"Startseite","item":"https:\/\/wisap.de\/en\/"},{"@type":"ListItem","position":2,"name":"DOWNLOAD"}]},{"@type":"WebSite","@id":"https:\/\/wisap.de\/#website","url":"https:\/\/wisap.de\/","name":"Wisap Medical Technology GmbH","description":"Instrumente und L\u00f6sungen f\u00fcr die Gyn\u00e4kologie","publisher":{"@id":"https:\/\/wisap.de\/#organization"},"potentialAction":[{"@type":"SearchAction","target":{"@type":"EntryPoint","urlTemplate":"https:\/\/wisap.de\/?s={search_term_string}"},"query-input":{"@type":"PropertyValueSpecification","valueRequired":true,"valueName":"search_term_string"}}],"inLanguage":"en-US"},{"@type":"Organization","@id":"https:\/\/wisap.de\/#organization","name":"Wisap Medical Technology GmbH","url":"https:\/\/wisap.de\/","logo":{"@type":"ImageObject","inLanguage":"en-US","@id":"https:\/\/wisap.de\/#\/schema\/logo\/image\/","url":"https:\/\/wisap.de\/wp-content\/uploads\/2021\/06\/WISAP-Logo.png","contentUrl":"https:\/\/wisap.de\/wp-content\/uploads\/2021\/06\/WISAP-Logo.png","width":286,"height":66,"caption":"Wisap Medical Technology GmbH"},"image":{"@id":"https:\/\/wisap.de\/#\/schema\/logo\/image\/"},"sameAs":["https:\/\/www.facebook.com\/people\/WISAP-Medical-Technology\/100066974771222\/#","https:\/\/www.linkedin.com\/company\/wisap\/","https:\/\/www.youtube.com\/channel\/UCfDE1xfAFGox3OnTbnMa0yg"]}]}},"_links":{"self":[{"href":"https:\/\/wisap.de\/en\/wp-json\/wp\/v2\/pages\/1068","targetHints":{"allow":["GET"]}}],"collection":[{"href":"https:\/\/wisap.de\/en\/wp-json\/wp\/v2\/pages"}],"about":[{"href":"https:\/\/wisap.de\/en\/wp-json\/wp\/v2\/types\/page"}],"author":[{"embeddable":true,"href":"https:\/\/wisap.de\/en\/wp-json\/wp\/v2\/users\/1"}],"replies":[{"embeddable":true,"href":"https:\/\/wisap.de\/en\/wp-json\/wp\/v2\/comments?post=1068"}],"version-history":[{"count":11,"href":"https:\/\/wisap.de\/en\/wp-json\/wp\/v2\/pages\/1068\/revisions"}],"predecessor-version":[{"id":2220,"href":"https:\/\/wisap.de\/en\/wp-json\/wp\/v2\/pages\/1068\/revisions\/2220"}],"wp:attachment":[{"href":"https:\/\/wisap.de\/en\/wp-json\/wp\/v2\/media?parent=1068"}],"curies":[{"name":"wp","href":"https:\/\/api.w.org\/{rel}","templated":true}]}}